{"id":590,"date":"2021-09-29T10:03:32","date_gmt":"2021-09-29T08:03:32","guid":{"rendered":"https:\/\/249071-www.web.tornado-node.net\/?page_id=590"},"modified":"2024-09-24T13:20:05","modified_gmt":"2024-09-24T11:20:05","slug":"use-of-royal-impregnated-wood","status":"publish","type":"page","link":"https:\/\/marnarbruk.no\/en\/bruk-av-royalimpregnert-tre\/","title":{"rendered":"Use of Royal impregnated wood"},"content":{"rendered":"\t\t<div data-elementor-type=\"wp-page\" data-elementor-id=\"590\" class=\"elementor elementor-590\" data-elementor-post-type=\"page\">\n\t\t\t\t<div class=\"elementor-element elementor-element-2a01c76 e-flex e-con-boxed e-con e-parent\" data-id=\"2a01c76\" data-element_type=\"container\" data-e-type=\"container\">\n\t\t\t\t\t<div class=\"e-con-inner\">\n\t\t<div class=\"elementor-element elementor-element-d807ce5 e-flex e-con-boxed e-con e-child\" data-id=\"d807ce5\" data-element_type=\"container\" data-e-type=\"container\">\n\t\t\t\t\t<div class=\"e-con-inner\">\n\t\t\t\t<div class=\"elementor-element elementor-element-99a248d elementor-icon-list--layout-inline brodsmule elementor-align-center elementor-list-item-link-full_width elementor-widget elementor-widget-icon-list\" data-id=\"99a248d\" data-element_type=\"widget\" data-e-type=\"widget\" data-widget_type=\"icon-list.default\">\n\t\t\t\t<div class=\"elementor-widget-container\">\n\t\t\t\t\t\t\t<ul class=\"elementor-icon-list-items elementor-inline-items\">\n\t\t\t\t\t\t\t<li class=\"elementor-icon-list-item elementor-inline-item\">\n\t\t\t\t\t\t\t\t\t\t\t<a href=\"https:\/\/marnarbruk.no\/en\">\n\n\t\t\t\t\t\t\t\t\t\t\t\t<span class=\"elementor-icon-list-icon\">\n\t\t\t\t\t\t\t<svg xmlns=\"http:\/\/www.w3.org\/2000\/svg\" width=\"17.809\" height=\"16.555\" viewBox=\"0 0 17.809 16.555\"><g id=\"Group_463\" data-name=\"Group 463\" transform=\"translate(-12173.836 574.074)\"><rect id=\"Rectangle_12\" data-name=\"Rectangle 12\" width=\"12.557\" height=\"1.884\" transform=\"translate(12178.902 -565.195) rotate(-45)\" fill=\"#003a1a\"><\/rect><path id=\"Path_19\" data-name=\"Path 19\" d=\"M286.885,341.792l-1.313-1.313-8.9,8.9,1.313,1.313L283,345.673v8.847l1.37-1.313v-8.9l1.141-1.2v8.9l1.37-1.313Z\" transform=\"translate(11904.76 -912.039)\" fill=\"#003a1a\"><\/path><path id=\"Path_20\" data-name=\"Path 20\" d=\"M233.18,324.827l-3.824,3.824v8.9l1.313,1.313v-8.9l3.881-3.824Z\" transform=\"translate(11944.48 -898.899)\" fill=\"#003a1a\"><\/path><path id=\"Path_21\" data-name=\"Path 21\" d=\"M248.889,340.479l-3.881,3.824v8.9l1.313,1.313v-8.847l3.881-3.881Z\" transform=\"translate(11931.34 -912.04)\" fill=\"#003a1a\"><\/path><\/g><\/svg>\t\t\t\t\t\t<\/span>\n\t\t\t\t\t\t\t\t\t\t<span class=\"elementor-icon-list-text\"><\/span>\n\t\t\t\t\t\t\t\t\t\t\t<\/a>\n\t\t\t\t\t\t\t\t\t<\/li>\n\t\t\t\t\t\t\t\t<li class=\"elementor-icon-list-item elementor-inline-item\">\n\t\t\t\t\t\t\t\t\t\t\t<span class=\"elementor-icon-list-icon\">\n\t\t\t\t\t\t\t<i aria-hidden=\"true\" class=\"fas fa-chevron-right\"><\/i>\t\t\t\t\t\t<\/span>\n\t\t\t\t\t\t\t\t\t\t<span class=\"elementor-icon-list-text\"><\/span>\n\t\t\t\t\t\t\t\t\t<\/li>\n\t\t\t\t\t\t\t\t<li class=\"elementor-icon-list-item elementor-inline-item\">\n\t\t\t\t\t\t\t\t\t\t<span class=\"elementor-icon-list-text\"><\/span>\n\t\t\t\t\t\t\t\t\t<\/li>\n\t\t\t\t\t\t<\/ul>\n\t\t\t\t\t\t<\/div>\n\t\t\t\t<\/div>\n\t\t\t\t\t<\/div>\n\t\t\t\t<\/div>\n\t\t\t\t<div class=\"elementor-element elementor-element-66728e4 elementor-widget elementor-widget-heading\" data-id=\"66728e4\" data-element_type=\"widget\" data-e-type=\"widget\" data-widget_type=\"heading.default\">\n\t\t\t\t<div class=\"elementor-widget-container\">\n\t\t\t\t\t<h1 class=\"elementor-heading-title elementor-size-default\">Bruksomr\u00e5der for Marnar Bruk Royal<\/h1>\t\t\t\t<\/div>\n\t\t\t\t<\/div>\n\t\t\t\t<div class=\"elementor-element elementor-element-f8a2e20 ingress elementor-widget__width-initial elementor-widget elementor-widget-text-editor\" data-id=\"f8a2e20\" data-element_type=\"widget\" data-e-type=\"widget\" data-widget_type=\"text-editor.default\">\n\t\t\t\t<div class=\"elementor-widget-container\">\n\t\t\t\t\t\t\t\t\tMarnar Bruk Royal er norskprodusert trevirke av nordisk furu. Trevirket blir f\u00f8rst trykkimpregnert for s\u00e5 \u00e5 kokes i en Royalolje under vakuum. Det gir et b\u00e6rekraftig trevirke, som har sv\u00e6rt lang levetid, og er skapt for \u00e5 t\u00e5le et nordisk klima.\u00a0\t\t\t\t\t\t\t\t<\/div>\n\t\t\t\t<\/div>\n\t\t\t\t\t<\/div>\n\t\t\t\t<\/div>\n\t\t<div class=\"elementor-element elementor-element-f3eef07 e-flex e-con-boxed e-con e-parent\" data-id=\"f3eef07\" data-element_type=\"container\" data-e-type=\"container\">\n\t\t\t\t\t<div class=\"e-con-inner\">\n\t\t\t\t<div class=\"elementor-element elementor-element-e4cb7e6 artikkel-oss elementor-widget elementor-widget-n-accordion\" data-id=\"e4cb7e6\" data-element_type=\"widget\" data-e-type=\"widget\" data-settings=\"{&quot;default_state&quot;:&quot;all_collapsed&quot;,&quot;max_items_expended&quot;:&quot;one&quot;,&quot;n_accordion_animation_duration&quot;:{&quot;unit&quot;:&quot;ms&quot;,&quot;size&quot;:400,&quot;sizes&quot;:[]}}\" data-widget_type=\"nested-accordion.default\">\n\t\t\t\t<div class=\"elementor-widget-container\">\n\t\t\t\t\t\t\t<div class=\"e-n-accordion\" aria-label=\"Accordion. Open links with Enter or Space, close with Escape, and navigate with Arrow Keys\">\n\t\t\t\t\t\t<details id=\"e-n-accordion-item-2390\" class=\"e-n-accordion-item\" >\n\t\t\t\t<summary class=\"e-n-accordion-item-title\" data-accordion-index=\"1\" tabindex=\"0\" aria-expanded=\"false\" aria-controls=\"e-n-accordion-item-2390\" >\n\t\t\t\t\t<span class='e-n-accordion-item-title-header'><div class=\"e-n-accordion-item-title-text\"> Kledning <\/div><\/span>\n\t\t\t\t\t\t\t<span class='e-n-accordion-item-title-icon'>\n\t\t\t<span class='e-opened' ><i aria-hidden=\"true\" class=\"fas fa-minus\"><\/i><\/span>\n\t\t\t<span class='e-closed'><i aria-hidden=\"true\" class=\"fas fa-plus\"><\/i><\/span>\n\t\t<\/span>\n\n\t\t\t\t\t\t<\/summary>\n\t\t\t\t<div role=\"region\" aria-labelledby=\"e-n-accordion-item-2390\" class=\"elementor-element elementor-element-5df114a e-con-full artikkel-oss-innhold e-flex e-con e-child\" data-id=\"5df114a\" data-element_type=\"container\" data-e-type=\"container\">\n\t\t\t\t<div class=\"elementor-element elementor-element-15c4515 artikkelinnhold elementor-widget elementor-widget-text-editor\" data-id=\"15c4515\" data-element_type=\"widget\" data-e-type=\"widget\" data-widget_type=\"text-editor.default\">\n\t\t\t\t<div class=\"elementor-widget-container\">\n\t\t\t\t\t\t\t\t\t<p>Royalbehandlet kledning gir naturlige og slitesterke fasader med et naturlig uttrykk. Overflaten er tiln\u00e6rmet vannavvisende og fuktvandring i treet er minimal.<\/p><p>De seks fargene kan kombineres med hverandre for \u00e5 skape et eget uttrykk p\u00e5 bygningen. De g\u00e5r ogs\u00e5 sv\u00e6rt godt sammen med andre materialer som tegl, naturstein og betong.<\/p><p>Royal har transparente farger hvor trestrukturen kommer til syne. Hvert bord er unikt, og sammen gir de et fint spill p\u00e5 fasaden.\u00a0<\/p><p>Lurer du p\u00e5 mer rundt produktet anbefaler vi at du leser v\u00e5r <a href=\"https:\/\/marnarbruk.no\/wp-content\/uploads\/2021\/10\/FDV-dokumentasjon-2021-Kledning.pdf\">FDV<\/a>.<\/p>\t\t\t\t\t\t\t\t<\/div>\n\t\t\t\t<\/div>\n\t\t\t\t<\/div>\n\t\t\t\t\t<\/details>\n\t\t\t\t\t\t<details id=\"e-n-accordion-item-2391\" class=\"e-n-accordion-item\" >\n\t\t\t\t<summary class=\"e-n-accordion-item-title\" data-accordion-index=\"2\" tabindex=\"-1\" aria-expanded=\"false\" aria-controls=\"e-n-accordion-item-2391\" >\n\t\t\t\t\t<span class='e-n-accordion-item-title-header'><div class=\"e-n-accordion-item-title-text\"> Terrasse <\/div><\/span>\n\t\t\t\t\t\t\t<span class='e-n-accordion-item-title-icon'>\n\t\t\t<span class='e-opened' ><i aria-hidden=\"true\" class=\"fas fa-minus\"><\/i><\/span>\n\t\t\t<span class='e-closed'><i aria-hidden=\"true\" class=\"fas fa-plus\"><\/i><\/span>\n\t\t<\/span>\n\n\t\t\t\t\t\t<\/summary>\n\t\t\t\t<div role=\"region\" aria-labelledby=\"e-n-accordion-item-2391\" class=\"elementor-element elementor-element-1df704a e-con-full artikkel-oss-innhold e-flex e-con e-child\" data-id=\"1df704a\" data-element_type=\"container\" data-e-type=\"container\">\n\t\t\t\t<div class=\"elementor-element elementor-element-0c00080 artikkelinnhold elementor-widget elementor-widget-text-editor\" data-id=\"0c00080\" data-element_type=\"widget\" data-e-type=\"widget\" data-widget_type=\"text-editor.default\">\n\t\t\t\t<div class=\"elementor-widget-container\">\n\t\t\t\t\t\t\t\t\t<p>Royal terrassebord produseres av h\u00f8vlet trevirke av typen furu. Leveres i glatth\u00f8vlet, struktur og rillet profil.\u00a0<\/p><p>Tillegg til \u00e5 v\u00e6re trykkimpregnert med en CU-basert vannl\u00f8selig saltimpregnering, blir terrassebordene kokt i royalolje under vakuum. Denne behandlingen gir en tiln\u00e6rmet vannavvisende overflate, og reduserer fuktvandring i treet.\u00a0<\/p><p>Sol, nedb\u00f8r og bruksslitasje gj\u00f8r at det kosmetiske uttrykket endrer seg ulikt. \u00d8nsker du \u00e5 opprettholde fargen gj\u00f8res det enkelt ved et str\u00f8k royalolje.\u00a0<\/p><p>Monteres med 1-3 mm mellomrom.\u00a0<\/p><p>Lurer du p\u00e5 mer rundt produktet anbefaler vi at du leser v\u00e5r <a href=\"https:\/\/marnarbruk.no\/wp-content\/uploads\/2021\/10\/FDV-dokumentasjon-2021-Terrassebord.pdf\">FDV<\/a>.<\/p>\t\t\t\t\t\t\t\t<\/div>\n\t\t\t\t<\/div>\n\t\t\t\t<\/div>\n\t\t\t\t\t<\/details>\n\t\t\t\t\t\t<details id=\"e-n-accordion-item-2392\" class=\"e-n-accordion-item\" >\n\t\t\t\t<summary class=\"e-n-accordion-item-title\" data-accordion-index=\"3\" tabindex=\"-1\" aria-expanded=\"false\" aria-controls=\"e-n-accordion-item-2392\" >\n\t\t\t\t\t<span class='e-n-accordion-item-title-header'><div class=\"e-n-accordion-item-title-text\"> Tretak <\/div><\/span>\n\t\t\t\t\t\t\t<span class='e-n-accordion-item-title-icon'>\n\t\t\t<span class='e-opened' ><i aria-hidden=\"true\" class=\"fas fa-minus\"><\/i><\/span>\n\t\t\t<span class='e-closed'><i aria-hidden=\"true\" class=\"fas fa-plus\"><\/i><\/span>\n\t\t<\/span>\n\n\t\t\t\t\t\t<\/summary>\n\t\t\t\t<div role=\"region\" aria-labelledby=\"e-n-accordion-item-2392\" class=\"elementor-element elementor-element-80526f2 e-con-full artikkel-oss-innhold e-flex e-con e-child\" data-id=\"80526f2\" data-element_type=\"container\" data-e-type=\"container\">\n\t\t\t\t<div class=\"elementor-element elementor-element-e40fd6d artikkelinnhold elementor-widget elementor-widget-text-editor\" data-id=\"e40fd6d\" data-element_type=\"widget\" data-e-type=\"widget\" data-widget_type=\"text-editor.default\">\n\t\t\t\t<div class=\"elementor-widget-container\">\n\t\t\t\t\t\t\t\t\t<p>Royalimpregnerte tak har transparente overflater i ulike jordfarger som harmonerer godt med omgivelsene. Royalimpregnerte tak krever lite etterbehandling, og er sv\u00e6rt motstandsdyktige mot r\u00e5te og innsektangrep.<\/p><p><a href=\"https:\/\/marnarbruk.no\/wp-content\/uploads\/2022\/10\/Tretak.pdf\" target=\"_blank\" rel=\"noopener\">Last ned PDF<\/a><\/p><p>Fargen kan etter noen \u00e5r enkelt friskes opp med et str\u00f8k Royalolje.\u00a0<\/p><p>Lurer du p\u00e5 mer rundt produktet anbefaler vi at du leser v\u00e5r <a href=\"https:\/\/marnarbruk.no\/wp-content\/uploads\/2021\/10\/FDV-dokumentasjon-2021-Takbord.pdf\">FDV<\/a>.<\/p>\t\t\t\t\t\t\t\t<\/div>\n\t\t\t\t<\/div>\n\t\t\t\t<\/div>\n\t\t\t\t\t<\/details>\n\t\t\t\t\t\t<details id=\"e-n-accordion-item-2393\" class=\"e-n-accordion-item\" >\n\t\t\t\t<summary class=\"e-n-accordion-item-title\" data-accordion-index=\"4\" tabindex=\"-1\" aria-expanded=\"false\" aria-controls=\"e-n-accordion-item-2393\" >\n\t\t\t\t\t<span class='e-n-accordion-item-title-header'><div class=\"e-n-accordion-item-title-text\"> St\u00f8yskjerming <\/div><\/span>\n\t\t\t\t\t\t\t<span class='e-n-accordion-item-title-icon'>\n\t\t\t<span class='e-opened' ><i aria-hidden=\"true\" class=\"fas fa-minus\"><\/i><\/span>\n\t\t\t<span class='e-closed'><i aria-hidden=\"true\" class=\"fas fa-plus\"><\/i><\/span>\n\t\t<\/span>\n\n\t\t\t\t\t\t<\/summary>\n\t\t\t\t<div role=\"region\" aria-labelledby=\"e-n-accordion-item-2393\" class=\"elementor-element elementor-element-07c4fb3 e-con-full artikkel-oss-innhold e-flex e-con e-child\" data-id=\"07c4fb3\" data-element_type=\"container\" data-e-type=\"container\">\n\t\t\t\t<div class=\"elementor-element elementor-element-d25e96e artikkelinnhold elementor-widget elementor-widget-text-editor\" data-id=\"d25e96e\" data-element_type=\"widget\" data-e-type=\"widget\" data-widget_type=\"text-editor.default\">\n\t\t\t\t<div class=\"elementor-widget-container\">\n\t\t\t\t\t\t\t\t\t<p>St\u00f8yskjermer fra Marnar Bruk leveres i mange ulike varianter, og er tilpasset hver enkelt kundes behov.<\/p><p>En god st\u00f8yskjerm skal f\u00f8rst og fremst redusere st\u00f8y. I tillegg skal den passe inn i n\u00e6rmilj\u00f8et.<\/p><p>V\u00e5re skjermer krever lite vedlikehold, og st\u00e5r mye lenger enn tre med tradisjonell overflatebehandling.<\/p><p>St\u00f8yskjermene kan overflatebehandles med oljemaling dersom andre farger enn Royals standardfarger \u00f8nskes levert.<\/p>\t\t\t\t\t\t\t\t<\/div>\n\t\t\t\t<\/div>\n\t\t\t\t<\/div>\n\t\t\t\t\t<\/details>\n\t\t\t\t\t<\/div>\n\t\t\t\t\t<script type=\"application\/ld+json\">{\"@context\":\"https:\\\/\\\/schema.org\",\"@type\":\"FAQPage\",\"mainEntity\":[{\"@type\":\"Question\",\"name\":\"Kledning\",\"acceptedAnswer\":{\"@type\":\"Answer\",\"text\":\"Royalbehandlet kledning gir naturlige og slitesterke fasader med et naturlig uttrykk. Overflaten er tiln\\u00e6rmet vannavvisende og fuktvandring i treet er minimal.De seks fargene kan kombineres med hverandre for \\u00e5 skape et eget uttrykk p\\u00e5 bygningen. De g\\u00e5r ogs\\u00e5 sv\\u00e6rt godt sammen med andre materialer som tegl, naturstein og betong.Royal har transparente farger hvor trestrukturen kommer til syne. Hvert bord er unikt, og sammen gir de et fint spill p\\u00e5 fasaden.\\u00a0Lurer du p\\u00e5 mer rundt produktet anbefaler vi at du leser v\\u00e5r FDV.\"}},{\"@type\":\"Question\",\"name\":\"Terrasse\",\"acceptedAnswer\":{\"@type\":\"Answer\",\"text\":\"Royal terrassebord produseres av h\\u00f8vlet trevirke av typen furu. Leveres i glatth\\u00f8vlet, struktur og rillet profil.\\u00a0Tillegg til \\u00e5 v\\u00e6re trykkimpregnert med en CU-basert vannl\\u00f8selig saltimpregnering, blir terrassebordene kokt i royalolje under vakuum. Denne behandlingen gir en tiln\\u00e6rmet vannavvisende overflate, og reduserer fuktvandring i treet.\\u00a0Sol, nedb\\u00f8r og bruksslitasje gj\\u00f8r at det kosmetiske uttrykket endrer seg ulikt. \\u00d8nsker du \\u00e5 opprettholde fargen gj\\u00f8res det enkelt ved et str\\u00f8k royalolje.\\u00a0Monteres med 1-3 mm mellomrom.\\u00a0Lurer du p\\u00e5 mer rundt produktet anbefaler vi at du leser v\\u00e5r FDV.\"}},{\"@type\":\"Question\",\"name\":\"Tretak\",\"acceptedAnswer\":{\"@type\":\"Answer\",\"text\":\"Royalimpregnerte tak har transparente overflater i ulike jordfarger som harmonerer godt med omgivelsene. Royalimpregnerte tak krever lite etterbehandling, og er sv\\u00e6rt motstandsdyktige mot r\\u00e5te og innsektangrep.Last ned PDFFargen kan etter noen \\u00e5r enkelt friskes opp med et str\\u00f8k Royalolje.\\u00a0Lurer du p\\u00e5 mer rundt produktet anbefaler vi at du leser v\\u00e5r FDV.\"}},{\"@type\":\"Question\",\"name\":\"St\\u00f8yskjerming\",\"acceptedAnswer\":{\"@type\":\"Answer\",\"text\":\"St\\u00f8yskjermer fra Marnar Bruk leveres i mange ulike varianter, og er tilpasset hver enkelt kundes behov.En god st\\u00f8yskjerm skal f\\u00f8rst og fremst redusere st\\u00f8y. I tillegg skal den passe inn i n\\u00e6rmilj\\u00f8et.V\\u00e5re skjermer krever lite vedlikehold, og st\\u00e5r mye lenger enn tre med tradisjonell overflatebehandling.St\\u00f8yskjermene kan overflatebehandles med oljemaling dersom andre farger enn Royals standardfarger \\u00f8nskes levert.\"}}]}<\/script>\n\t\t\t\t\t\t\t<\/div>\n\t\t\t\t<\/div>\n\t\t\t\t\t<\/div>\n\t\t\t\t<\/div>\n\t\t\t\t<\/div>\n\t\t","protected":false},"excerpt":{"rendered":"<p>Marnar Bruk Royal is Norwegian-produced wood from Nordic pine. The wood is first pressure impregnated and then boiled in Royal oil under vacuum. This results in sustainable wood that has a very long lifespan and is designed to withstand the Nordic climate.\u00a0<\/p>","protected":false},"author":1,"featured_media":193,"parent":0,"menu_order":0,"comment_status":"closed","ping_status":"closed","template":"","meta":{"_acf_changed":false,"footnotes":""},"class_list":["post-590","page","type-page","status-publish","has-post-thumbnail","hentry"],"acf":[],"yoast_head":"<!-- This site is optimized with the Yoast SEO plugin v27.3 - https:\/\/yoast.com\/product\/yoast-seo-wordpress\/ -->\n<title>Bruk av Royalimpregnert tre - Marnar Bruk<\/title>\n<meta name=\"robots\" content=\"index, follow, max-snippet:-1, max-image-preview:large, max-video-preview:-1\" \/>\n<link rel=\"canonical\" href=\"https:\/\/marnarbruk.no\/en\/use-of-royal-impregnated-wood\/\" \/>\n<meta property=\"og:locale\" content=\"en_GB\" \/>\n<meta property=\"og:type\" content=\"article\" \/>\n<meta property=\"og:title\" content=\"Bruk av Royalimpregnert tre - Marnar Bruk\" \/>\n<meta property=\"og:description\" content=\"Marnar Bruk Royal er norskprodusert trevirke av nordisk furu. Trevirket blir f\u00f8rst trykkimpregnert for s\u00e5 \u00e5 kokes i en Royalolje under vakuum. Det gir et b\u00e6rekraftig trevirke, som har sv\u00e6rt lang levetid, og er skapt for \u00e5 t\u00e5le et nordisk klima.\u00a0\" \/>\n<meta property=\"og:url\" content=\"https:\/\/marnarbruk.no\/en\/use-of-royal-impregnated-wood\/\" \/>\n<meta property=\"og:site_name\" content=\"Marnar Bruk\" \/>\n<meta property=\"article:publisher\" content=\"https:\/\/www.facebook.com\/marnarbruk\" \/>\n<meta property=\"article:modified_time\" content=\"2024-09-24T11:20:05+00:00\" \/>\n<meta property=\"og:image\" content=\"https:\/\/marnarbruk.no\/wp-content\/uploads\/2021\/07\/Marnar-bruk-royal.jpg\" \/>\n\t<meta property=\"og:image:width\" content=\"1921\" \/>\n\t<meta property=\"og:image:height\" content=\"1280\" \/>\n\t<meta property=\"og:image:type\" content=\"image\/jpeg\" \/>\n<meta name=\"twitter:card\" content=\"summary_large_image\" \/>\n<meta name=\"twitter:label1\" content=\"Estimated reading time\" \/>\n\t<meta name=\"twitter:data1\" content=\"4 minutes\" \/>\n<script type=\"application\/ld+json\" class=\"yoast-schema-graph\">{\"@context\":\"https:\\\/\\\/schema.org\",\"@graph\":[{\"@type\":\"WebPage\",\"@id\":\"https:\\\/\\\/marnarbruk.no\\\/en\\\/bruk-av-royalimpregnert-tre\\\/\",\"url\":\"https:\\\/\\\/marnarbruk.no\\\/en\\\/bruk-av-royalimpregnert-tre\\\/\",\"name\":\"Bruk av Royalimpregnert tre - Marnar Bruk\",\"isPartOf\":{\"@id\":\"https:\\\/\\\/marnarbruk.no\\\/en\\\/#website\"},\"primaryImageOfPage\":{\"@id\":\"https:\\\/\\\/marnarbruk.no\\\/en\\\/bruk-av-royalimpregnert-tre\\\/#primaryimage\"},\"image\":{\"@id\":\"https:\\\/\\\/marnarbruk.no\\\/en\\\/bruk-av-royalimpregnert-tre\\\/#primaryimage\"},\"thumbnailUrl\":\"https:\\\/\\\/marnarbruk.no\\\/wp-content\\\/uploads\\\/2021\\\/07\\\/Marnar-bruk-royal.jpg\",\"datePublished\":\"2021-09-29T08:03:32+00:00\",\"dateModified\":\"2024-09-24T11:20:05+00:00\",\"breadcrumb\":{\"@id\":\"https:\\\/\\\/marnarbruk.no\\\/en\\\/bruk-av-royalimpregnert-tre\\\/#breadcrumb\"},\"inLanguage\":\"en-GB\",\"potentialAction\":[{\"@type\":\"ReadAction\",\"target\":[\"https:\\\/\\\/marnarbruk.no\\\/en\\\/bruk-av-royalimpregnert-tre\\\/\"]}]},{\"@type\":\"ImageObject\",\"inLanguage\":\"en-GB\",\"@id\":\"https:\\\/\\\/marnarbruk.no\\\/en\\\/bruk-av-royalimpregnert-tre\\\/#primaryimage\",\"url\":\"https:\\\/\\\/marnarbruk.no\\\/wp-content\\\/uploads\\\/2021\\\/07\\\/Marnar-bruk-royal.jpg\",\"contentUrl\":\"https:\\\/\\\/marnarbruk.no\\\/wp-content\\\/uploads\\\/2021\\\/07\\\/Marnar-bruk-royal.jpg\",\"width\":1921,\"height\":1280},{\"@type\":\"BreadcrumbList\",\"@id\":\"https:\\\/\\\/marnarbruk.no\\\/en\\\/bruk-av-royalimpregnert-tre\\\/#breadcrumb\",\"itemListElement\":[{\"@type\":\"ListItem\",\"position\":1,\"name\":\"Home\",\"item\":\"https:\\\/\\\/marnarbruk.no\\\/\"},{\"@type\":\"ListItem\",\"position\":2,\"name\":\"Bruk av Royalimpregnert tre\"}]},{\"@type\":\"WebSite\",\"@id\":\"https:\\\/\\\/marnarbruk.no\\\/en\\\/#website\",\"url\":\"https:\\\/\\\/marnarbruk.no\\\/en\\\/\",\"name\":\"Marnar Bruk\",\"description\":\"Royalimpregnert trelast siden 1976\",\"publisher\":{\"@id\":\"https:\\\/\\\/marnarbruk.no\\\/en\\\/#organization\"},\"potentialAction\":[{\"@type\":\"SearchAction\",\"target\":{\"@type\":\"EntryPoint\",\"urlTemplate\":\"https:\\\/\\\/marnarbruk.no\\\/en\\\/?s={search_term_string}\"},\"query-input\":{\"@type\":\"PropertyValueSpecification\",\"valueRequired\":true,\"valueName\":\"search_term_string\"}}],\"inLanguage\":\"en-GB\"},{\"@type\":\"Organization\",\"@id\":\"https:\\\/\\\/marnarbruk.no\\\/en\\\/#organization\",\"name\":\"Marnar Bruk\",\"url\":\"https:\\\/\\\/marnarbruk.no\\\/en\\\/\",\"logo\":{\"@type\":\"ImageObject\",\"inLanguage\":\"en-GB\",\"@id\":\"https:\\\/\\\/marnarbruk.no\\\/en\\\/#\\\/schema\\\/logo\\\/image\\\/\",\"url\":\"https:\\\/\\\/marnarbruk.no\\\/wp-content\\\/uploads\\\/2024\\\/05\\\/mb-hvit-logo-bg.svg\",\"contentUrl\":\"https:\\\/\\\/marnarbruk.no\\\/wp-content\\\/uploads\\\/2024\\\/05\\\/mb-hvit-logo-bg.svg\",\"width\":182,\"height\":143,\"caption\":\"Marnar Bruk\"},\"image\":{\"@id\":\"https:\\\/\\\/marnarbruk.no\\\/en\\\/#\\\/schema\\\/logo\\\/image\\\/\"},\"sameAs\":[\"https:\\\/\\\/www.facebook.com\\\/marnarbruk\"]}]}<\/script>\n<!-- \/ Yoast SEO plugin. -->","yoast_head_json":{"title":"Use of Royal impregnated wood - Marnar Bruk","robots":{"index":"index","follow":"follow","max-snippet":"max-snippet:-1","max-image-preview":"max-image-preview:large","max-video-preview":"max-video-preview:-1"},"canonical":"https:\/\/marnarbruk.no\/en\/use-of-royal-impregnated-wood\/","og_locale":"en_GB","og_type":"article","og_title":"Bruk av Royalimpregnert tre - Marnar Bruk","og_description":"Marnar Bruk Royal er norskprodusert trevirke av nordisk furu. Trevirket blir f\u00f8rst trykkimpregnert for s\u00e5 \u00e5 kokes i en Royalolje under vakuum. Det gir et b\u00e6rekraftig trevirke, som har sv\u00e6rt lang levetid, og er skapt for \u00e5 t\u00e5le et nordisk klima.\u00a0","og_url":"https:\/\/marnarbruk.no\/en\/use-of-royal-impregnated-wood\/","og_site_name":"Marnar Bruk","article_publisher":"https:\/\/www.facebook.com\/marnarbruk","article_modified_time":"2024-09-24T11:20:05+00:00","og_image":[{"width":1921,"height":1280,"url":"https:\/\/marnarbruk.no\/wp-content\/uploads\/2021\/07\/Marnar-bruk-royal.jpg","type":"image\/jpeg"}],"twitter_card":"summary_large_image","twitter_misc":{"Estimated reading time":"4 minutes"},"schema":{"@context":"https:\/\/schema.org","@graph":[{"@type":"WebPage","@id":"https:\/\/marnarbruk.no\/en\/bruk-av-royalimpregnert-tre\/","url":"https:\/\/marnarbruk.no\/en\/bruk-av-royalimpregnert-tre\/","name":"Use of Royal impregnated wood - Marnar Bruk","isPartOf":{"@id":"https:\/\/marnarbruk.no\/en\/#website"},"primaryImageOfPage":{"@id":"https:\/\/marnarbruk.no\/en\/bruk-av-royalimpregnert-tre\/#primaryimage"},"image":{"@id":"https:\/\/marnarbruk.no\/en\/bruk-av-royalimpregnert-tre\/#primaryimage"},"thumbnailUrl":"https:\/\/marnarbruk.no\/wp-content\/uploads\/2021\/07\/Marnar-bruk-royal.jpg","datePublished":"2021-09-29T08:03:32+00:00","dateModified":"2024-09-24T11:20:05+00:00","breadcrumb":{"@id":"https:\/\/marnarbruk.no\/en\/bruk-av-royalimpregnert-tre\/#breadcrumb"},"inLanguage":"en-GB","potentialAction":[{"@type":"ReadAction","target":["https:\/\/marnarbruk.no\/en\/bruk-av-royalimpregnert-tre\/"]}]},{"@type":"ImageObject","inLanguage":"en-GB","@id":"https:\/\/marnarbruk.no\/en\/bruk-av-royalimpregnert-tre\/#primaryimage","url":"https:\/\/marnarbruk.no\/wp-content\/uploads\/2021\/07\/Marnar-bruk-royal.jpg","contentUrl":"https:\/\/marnarbruk.no\/wp-content\/uploads\/2021\/07\/Marnar-bruk-royal.jpg","width":1921,"height":1280},{"@type":"BreadcrumbList","@id":"https:\/\/marnarbruk.no\/en\/bruk-av-royalimpregnert-tre\/#breadcrumb","itemListElement":[{"@type":"ListItem","position":1,"name":"Home","item":"https:\/\/marnarbruk.no\/"},{"@type":"ListItem","position":2,"name":"Bruk av Royalimpregnert tre"}]},{"@type":"WebSite","@id":"https:\/\/marnarbruk.no\/en\/#website","url":"https:\/\/marnarbruk.no\/en\/","name":"Marnar Bruk","description":"Royal impregnated timber since 1976","publisher":{"@id":"https:\/\/marnarbruk.no\/en\/#organization"},"potentialAction":[{"@type":"SearchAction","target":{"@type":"EntryPoint","urlTemplate":"https:\/\/marnarbruk.no\/en\/?s={search_term_string}"},"query-input":{"@type":"PropertyValueSpecification","valueRequired":true,"valueName":"search_term_string"}}],"inLanguage":"en-GB"},{"@type":"Organization","@id":"https:\/\/marnarbruk.no\/en\/#organization","name":"Marnar Bruk","url":"https:\/\/marnarbruk.no\/en\/","logo":{"@type":"ImageObject","inLanguage":"en-GB","@id":"https:\/\/marnarbruk.no\/en\/#\/schema\/logo\/image\/","url":"https:\/\/marnarbruk.no\/wp-content\/uploads\/2024\/05\/mb-hvit-logo-bg.svg","contentUrl":"https:\/\/marnarbruk.no\/wp-content\/uploads\/2024\/05\/mb-hvit-logo-bg.svg","width":182,"height":143,"caption":"Marnar Bruk"},"image":{"@id":"https:\/\/marnarbruk.no\/en\/#\/schema\/logo\/image\/"},"sameAs":["https:\/\/www.facebook.com\/marnarbruk"]}]}},"_links":{"self":[{"href":"https:\/\/marnarbruk.no\/en\/wp-json\/wp\/v2\/pages\/590","targetHints":{"allow":["GET"]}}],"collection":[{"href":"https:\/\/marnarbruk.no\/en\/wp-json\/wp\/v2\/pages"}],"about":[{"href":"https:\/\/marnarbruk.no\/en\/wp-json\/wp\/v2\/types\/page"}],"author":[{"embeddable":true,"href":"https:\/\/marnarbruk.no\/en\/wp-json\/wp\/v2\/users\/1"}],"replies":[{"embeddable":true,"href":"https:\/\/marnarbruk.no\/en\/wp-json\/wp\/v2\/comments?post=590"}],"version-history":[{"count":5,"href":"https:\/\/marnarbruk.no\/en\/wp-json\/wp\/v2\/pages\/590\/revisions"}],"predecessor-version":[{"id":5091,"href":"https:\/\/marnarbruk.no\/en\/wp-json\/wp\/v2\/pages\/590\/revisions\/5091"}],"wp:featuredmedia":[{"embeddable":true,"href":"https:\/\/marnarbruk.no\/en\/wp-json\/wp\/v2\/media\/193"}],"wp:attachment":[{"href":"https:\/\/marnarbruk.no\/en\/wp-json\/wp\/v2\/media?parent=590"}],"curies":[{"name":"wp","href":"https:\/\/api.w.org\/{rel}","templated":true}]}}