{"id":5401,"date":"2025-03-19T10:35:27","date_gmt":"2025-03-19T09:35:27","guid":{"rendered":"https:\/\/marnarbruk.no\/?page_id=5401"},"modified":"2025-04-24T08:20:09","modified_gmt":"2025-04-24T06:20:09","slug":"var-rategaranti-for-decking","status":"publish","type":"page","link":"https:\/\/marnarbruk.no\/en\/var-rategaranti-for-terrassebord\/","title":{"rendered":"Rot guarantee for decking"},"content":{"rendered":"<div data-elementor-type=\"wp-page\" data-elementor-id=\"5401\" class=\"elementor elementor-5401\" data-elementor-post-type=\"page\">\n\t\t\t\t<div class=\"elementor-element elementor-element-e292e0c e-flex e-con-boxed e-con e-parent\" data-id=\"e292e0c\" data-element_type=\"container\" data-e-type=\"container\">\n\t\t\t\t\t<div class=\"e-con-inner\">\n\t\t<div class=\"elementor-element elementor-element-3971650 e-flex e-con-boxed e-con e-child\" data-id=\"3971650\" data-element_type=\"container\" data-e-type=\"container\">\n\t\t\t\t\t<div class=\"e-con-inner\">\n\t\t\t\t<div class=\"elementor-element elementor-element-c0ff383 elementor-icon-list--layout-inline brodsmule elementor-align-center elementor-laptop-align-start elementor-list-item-link-full_width elementor-widget elementor-widget-icon-list\" data-id=\"c0ff383\" data-element_type=\"widget\" data-e-type=\"widget\" data-widget_type=\"icon-list.default\">\n\t\t\t\t<div class=\"elementor-widget-container\">\n\t\t\t\t\t\t\t<ul class=\"elementor-icon-list-items elementor-inline-items\">\n\t\t\t\t\t\t\t<li class=\"elementor-icon-list-item elementor-inline-item\">\n\t\t\t\t\t\t\t\t\t\t\t<a href=\"https:\/\/marnarbruk.no\/en\">\n\n\t\t\t\t\t\t\t\t\t\t\t\t<span class=\"elementor-icon-list-icon\">\n\t\t\t\t\t\t\t<svg xmlns=\"http:\/\/www.w3.org\/2000\/svg\" width=\"17.809\" height=\"16.555\" viewbox=\"0 0 17.809 16.555\"><g id=\"Group_463\" data-name=\"Group 463\" transform=\"translate(-12173.836 574.074)\"><rect id=\"Rectangle_12\" data-name=\"Rectangle 12\" width=\"12.557\" height=\"1.884\" transform=\"translate(12178.902 -565.195) rotate(-45)\" fill=\"#003a1a\"><\/rect><path id=\"Path_19\" data-name=\"Path 19\" d=\"M286.885,341.792l-1.313-1.313-8.9,8.9,1.313,1.313L283,345.673v8.847l1.37-1.313v-8.9l1.141-1.2v8.9l1.37-1.313Z\" transform=\"translate(11904.76 -912.039)\" fill=\"#003a1a\"><\/path><path id=\"Path_20\" data-name=\"Path 20\" d=\"M233.18,324.827l-3.824,3.824v8.9l1.313,1.313v-8.9l3.881-3.824Z\" transform=\"translate(11944.48 -898.899)\" fill=\"#003a1a\"><\/path><path id=\"Path_21\" data-name=\"Path 21\" d=\"M248.889,340.479l-3.881,3.824v8.9l1.313,1.313v-8.847l3.881-3.881Z\" transform=\"translate(11931.34 -912.04)\" fill=\"#003a1a\"><\/path><\/g><\/svg>\t\t\t\t\t\t<\/span>\n\t\t\t\t\t\t\t\t\t\t<span class=\"elementor-icon-list-text\"><\/span>\n\t\t\t\t\t\t\t\t\t\t\t<\/a>\n\t\t\t\t\t\t\t\t\t<\/li>\n\t\t\t\t\t\t\t\t<li class=\"elementor-icon-list-item elementor-inline-item\">\n\t\t\t\t\t\t\t\t\t\t\t<span class=\"elementor-icon-list-icon\">\n\t\t\t\t\t\t\t<i aria-hidden=\"true\" class=\"fas fa-chevron-right\"><\/i>\t\t\t\t\t\t<\/span>\n\t\t\t\t\t\t\t\t\t\t<span class=\"elementor-icon-list-text\"><\/span>\n\t\t\t\t\t\t\t\t\t<\/li>\n\t\t\t\t\t\t\t\t<li class=\"elementor-icon-list-item elementor-inline-item\">\n\t\t\t\t\t\t\t\t\t\t<span class=\"elementor-icon-list-text\">Marnar Bruk's rot guarantees<\/span>\n\t\t\t\t\t\t\t\t\t<\/li>\n\t\t\t\t\t\t<\/ul>\n\t\t\t\t\t\t<\/div>\n\t\t\t\t<\/div>\n\t\t\t\t\t<\/div>\n\t\t\t\t<\/div>\n\t\t\t\t<div class=\"elementor-element elementor-element-2364adb elementor-widget elementor-widget-heading\" data-id=\"2364adb\" data-element_type=\"widget\" data-e-type=\"widget\" data-widget_type=\"heading.default\">\n\t\t\t\t<div class=\"elementor-widget-container\">\n\t\t\t\t\t<h1 class=\"elementor-heading-title elementor-size-default\">Rot guarantee for decking<\/h1>\t\t\t\t<\/div>\n\t\t\t\t<\/div>\n\t\t\t\t<div class=\"elementor-element elementor-element-f9acbc3 ingress elementor-widget__width-initial elementor-widget elementor-widget-text-editor\" data-id=\"f9acbc3\" data-element_type=\"widget\" data-e-type=\"widget\" data-widget_type=\"text-editor.default\">\n\t\t\t\t<div class=\"elementor-widget-container\">\n\t\t\t\t\t\t\t\t\tWhen it comes to choosing decking for your home, ensuring a long lifespan and minimising maintenance costs is important to many. \t\t\t\t\t\t\t\t<\/div>\n\t\t\t\t<\/div>\n\t\t\t\t<div class=\"elementor-element elementor-element-0bbe49a elementor-widget__width-auto elementor-absolute elementor-widget elementor-widget-image\" data-id=\"0bbe49a\" data-element_type=\"widget\" data-e-type=\"widget\" data-settings=\"{&quot;_position&quot;:&quot;absolute&quot;}\" data-widget_type=\"image.default\">\n\t\t\t\t<div class=\"elementor-widget-container\">\n\t\t\t\t\t\t\t\t\t\t\t\t\t\t\t\t<a href=\"https:\/\/marnarbruk.no\/wp-content\/uploads\/2025\/03\/rategaranti-30-aar.png\" data-elementor-open-lightbox=\"yes\" data-e-action-hash=\"#elementor-action%3Aaction%3Dlightbox%26settings%3DeyJpZCI6NTM5MSwidXJsIjoiaHR0cHM6XC9cL21hcm5hcmJydWsubm9cL3dwLWNvbnRlbnRcL3VwbG9hZHNcLzIwMjVcLzAzXC9yYXRlZ2FyYW50aS0zMC1hYXIucG5nIn0%3D\">\n\t\t\t\t\t\t\t<img decoding=\"async\" width=\"150\" height=\"150\" src=\"https:\/\/marnarbruk.no\/wp-content\/uploads\/2025\/03\/rategaranti-30-aar-150x150.png\" class=\"attachment-thumbnail size-thumbnail wp-image-5391\" alt=\"\" srcset=\"https:\/\/marnarbruk.no\/wp-content\/uploads\/2025\/03\/rategaranti-30-aar-150x150.png 150w, https:\/\/marnarbruk.no\/wp-content\/uploads\/2025\/03\/rategaranti-30-aar-300x300.png 300w, https:\/\/marnarbruk.no\/wp-content\/uploads\/2025\/03\/rategaranti-30-aar-12x12.png 12w, https:\/\/marnarbruk.no\/wp-content\/uploads\/2025\/03\/rategaranti-30-aar.png 494w\" sizes=\"(max-width: 150px) 100vw, 150px\" \/>\t\t\t\t\t\t\t\t<\/a>\n\t\t\t\t\t\t\t\t\t\t\t\t\t\t\t<\/div>\n\t\t\t\t<\/div>\n\t\t\t\t\t<\/div>\n\t\t\t\t<\/div>\n\t\t<div class=\"elementor-element elementor-element-0230b57 artikkelinnhold e-flex e-con-boxed e-con e-parent\" data-id=\"0230b57\" data-element_type=\"container\" data-e-type=\"container\">\n\t\t\t\t\t<div class=\"e-con-inner\">\n\t\t\t\t<div class=\"elementor-element elementor-element-d77bb98 elementor-widget__width-initial elementor-widget elementor-widget-text-editor\" data-id=\"d77bb98\" data-element_type=\"widget\" data-e-type=\"widget\" data-widget_type=\"text-editor.default\">\n\t\t\t\t<div class=\"elementor-widget-container\">\n\t\t\t\t\t\t\t\t\t<p>A rot guarantee gives you peace of mind that the material will stand the test of time and resist moisture, harmful fungi and rot.  Our decking comes with a 30-year rot guarantee, depending on the chosen product and treatment. Our wood is not only pressure impregnated, but also \"boiled\" in linseed oil. This means that Marnar Bruk's products are double-impregnated, providing one of the market's best protections against rot, harmful fungal attack and climatic stresses. The warranty assumes correct installation, maintenance and use in accordance with our FDV.<\/p><p>If you choose decking from Marnar Bruk with a 30-year rot guarantee, you're investing in a durable and sustainable solution that gives your home a long-lasting and durable terrace. Contact us to find the right product for your needs and ensure a safe and maintenance-friendly deck for many years to come.<\/p><p><strong>The guarantee is given under the following conditions:<\/strong><\/p><ul><li>The guarantee applies to all deliveries from 1 January 2020 and has no retroactive effect.<\/li><li>The warranty applies on condition that the materials are maintained in accordance with the applicable FDV.<\/li><li>Decking that is installed in direct contact with water, soil or without adequate ventilation is not covered by the above warranty.<\/li><li>Remember that all cut surfaces must be sealed with Marnar Bruk Wood Oil for the materials to be considered correctly installed. Read more about treatment in our <a href=\"https:\/\/marnarbruk.no\/wp-content\/uploads\/2025\/01\/FDV-dokumentasjon-2024-Terrassebord.pdf\" target=\"_blank\" rel=\"noopener\">FDV documentation about decking<\/a>.<\/li><li>The warranty only applies to the materials themselves. The warranty does not apply to other costs, such as labour costs, shipping, etc.<\/li><li>It is a prerequisite that documentation can be presented that clearly states the date of purchase and installation. Such documentation may be a receipt for the purchase of the lumber from a retailer, a handover certificate from a construction company, or other similar documentation.<\/li><li>In the event of rot, a sample must be sent to Marnar Bruk. This will be analysed by an external laboratory to determine the cause of any rot.<\/li><\/ul>\t\t\t\t\t\t\t\t<\/div>\n\t\t\t\t<\/div>\n\t\t\t\t\t<\/div>\n\t\t\t\t<\/div>\n\t\t\t\t<\/div>","protected":false},"excerpt":{"rendered":"<p>When it comes to choosing decking for your home, ensuring a long lifespan and minimising maintenance costs is important to many. <\/p>","protected":false},"author":1,"featured_media":0,"parent":0,"menu_order":0,"comment_status":"closed","ping_status":"closed","template":"","meta":{"_acf_changed":false,"footnotes":""},"class_list":["post-5401","page","type-page","status-publish","hentry"],"acf":[],"yoast_head":"<!-- This site is optimized with the Yoast SEO plugin v27.4 - https:\/\/yoast.com\/product\/yoast-seo-wordpress\/ -->\n<title>R\u00e5tegaranti for terrassebord - Marnar Bruk<\/title>\n<meta name=\"robots\" content=\"index, follow, max-snippet:-1, max-image-preview:large, max-video-preview:-1\" \/>\n<link rel=\"canonical\" href=\"https:\/\/marnarbruk.no\/en\/var-rategaranti-for-decking\/\" \/>\n<meta property=\"og:locale\" content=\"en_GB\" \/>\n<meta property=\"og:type\" content=\"article\" \/>\n<meta property=\"og:title\" content=\"R\u00e5tegaranti for terrassebord - Marnar Bruk\" \/>\n<meta property=\"og:description\" content=\"N\u00e5r du skal velge terrassebord til boligen din, er det for mange viktig \u00e5 sikre lang levetid og minimal vedlikeholdskostnad.\" \/>\n<meta property=\"og:url\" content=\"https:\/\/marnarbruk.no\/en\/var-rategaranti-for-decking\/\" \/>\n<meta property=\"og:site_name\" content=\"Marnar Bruk\" \/>\n<meta property=\"article:publisher\" content=\"https:\/\/www.facebook.com\/marnarbruk\" \/>\n<meta property=\"article:modified_time\" content=\"2025-04-24T06:20:09+00:00\" \/>\n<meta property=\"og:image\" content=\"https:\/\/marnarbruk.no\/wp-content\/uploads\/2025\/03\/rategaranti-30-aar-150x150.png\" \/>\n<meta name=\"twitter:card\" content=\"summary_large_image\" \/>\n<meta name=\"twitter:label1\" content=\"Estimated reading time\" \/>\n\t<meta name=\"twitter:data1\" content=\"2 minutes\" \/>\n<script type=\"application\/ld+json\" class=\"yoast-schema-graph\">{\"@context\":\"https:\\\/\\\/schema.org\",\"@graph\":[{\"@type\":\"WebPage\",\"@id\":\"https:\\\/\\\/marnarbruk.no\\\/en\\\/var-rategaranti-for-terrassebord\\\/\",\"url\":\"https:\\\/\\\/marnarbruk.no\\\/en\\\/var-rategaranti-for-terrassebord\\\/\",\"name\":\"R\u00e5tegaranti for terrassebord - Marnar Bruk\",\"isPartOf\":{\"@id\":\"https:\\\/\\\/marnarbruk.no\\\/en\\\/#website\"},\"primaryImageOfPage\":{\"@id\":\"https:\\\/\\\/marnarbruk.no\\\/en\\\/var-rategaranti-for-terrassebord\\\/#primaryimage\"},\"image\":{\"@id\":\"https:\\\/\\\/marnarbruk.no\\\/en\\\/var-rategaranti-for-terrassebord\\\/#primaryimage\"},\"thumbnailUrl\":\"https:\\\/\\\/marnarbruk.no\\\/wp-content\\\/uploads\\\/2025\\\/03\\\/rategaranti-30-aar-150x150.png\",\"datePublished\":\"2025-03-19T09:35:27+00:00\",\"dateModified\":\"2025-04-24T06:20:09+00:00\",\"breadcrumb\":{\"@id\":\"https:\\\/\\\/marnarbruk.no\\\/en\\\/var-rategaranti-for-terrassebord\\\/#breadcrumb\"},\"inLanguage\":\"en-GB\",\"potentialAction\":[{\"@type\":\"ReadAction\",\"target\":[\"https:\\\/\\\/marnarbruk.no\\\/en\\\/var-rategaranti-for-terrassebord\\\/\"]}]},{\"@type\":\"ImageObject\",\"inLanguage\":\"en-GB\",\"@id\":\"https:\\\/\\\/marnarbruk.no\\\/en\\\/var-rategaranti-for-terrassebord\\\/#primaryimage\",\"url\":\"https:\\\/\\\/marnarbruk.no\\\/wp-content\\\/uploads\\\/2025\\\/03\\\/rategaranti-30-aar-150x150.png\",\"contentUrl\":\"https:\\\/\\\/marnarbruk.no\\\/wp-content\\\/uploads\\\/2025\\\/03\\\/rategaranti-30-aar-150x150.png\"},{\"@type\":\"BreadcrumbList\",\"@id\":\"https:\\\/\\\/marnarbruk.no\\\/en\\\/var-rategaranti-for-terrassebord\\\/#breadcrumb\",\"itemListElement\":[{\"@type\":\"ListItem\",\"position\":1,\"name\":\"Home\",\"item\":\"https:\\\/\\\/marnarbruk.no\\\/\"},{\"@type\":\"ListItem\",\"position\":2,\"name\":\"R\u00e5tegaranti for terrassebord\"}]},{\"@type\":\"WebSite\",\"@id\":\"https:\\\/\\\/marnarbruk.no\\\/en\\\/#website\",\"url\":\"https:\\\/\\\/marnarbruk.no\\\/en\\\/\",\"name\":\"Marnar Bruk\",\"description\":\"Royalimpregnert trelast siden 1976\",\"publisher\":{\"@id\":\"https:\\\/\\\/marnarbruk.no\\\/en\\\/#organization\"},\"potentialAction\":[{\"@type\":\"SearchAction\",\"target\":{\"@type\":\"EntryPoint\",\"urlTemplate\":\"https:\\\/\\\/marnarbruk.no\\\/en\\\/?s={search_term_string}\"},\"query-input\":{\"@type\":\"PropertyValueSpecification\",\"valueRequired\":true,\"valueName\":\"search_term_string\"}}],\"inLanguage\":\"en-GB\"},{\"@type\":\"Organization\",\"@id\":\"https:\\\/\\\/marnarbruk.no\\\/en\\\/#organization\",\"name\":\"Marnar Bruk\",\"url\":\"https:\\\/\\\/marnarbruk.no\\\/en\\\/\",\"logo\":{\"@type\":\"ImageObject\",\"inLanguage\":\"en-GB\",\"@id\":\"https:\\\/\\\/marnarbruk.no\\\/en\\\/#\\\/schema\\\/logo\\\/image\\\/\",\"url\":\"https:\\\/\\\/marnarbruk.no\\\/wp-content\\\/uploads\\\/2024\\\/05\\\/mb-hvit-logo-bg.svg\",\"contentUrl\":\"https:\\\/\\\/marnarbruk.no\\\/wp-content\\\/uploads\\\/2024\\\/05\\\/mb-hvit-logo-bg.svg\",\"width\":182,\"height\":143,\"caption\":\"Marnar Bruk\"},\"image\":{\"@id\":\"https:\\\/\\\/marnarbruk.no\\\/en\\\/#\\\/schema\\\/logo\\\/image\\\/\"},\"sameAs\":[\"https:\\\/\\\/www.facebook.com\\\/marnarbruk\"]}]}<\/script>\n<!-- \/ Yoast SEO plugin. -->","yoast_head_json":{"title":"Rot guarantee for decking - Marnar Bruk","robots":{"index":"index","follow":"follow","max-snippet":"max-snippet:-1","max-image-preview":"max-image-preview:large","max-video-preview":"max-video-preview:-1"},"canonical":"https:\/\/marnarbruk.no\/en\/var-rategaranti-for-decking\/","og_locale":"en_GB","og_type":"article","og_title":"R\u00e5tegaranti for terrassebord - Marnar Bruk","og_description":"N\u00e5r du skal velge terrassebord til boligen din, er det for mange viktig \u00e5 sikre lang levetid og minimal vedlikeholdskostnad.","og_url":"https:\/\/marnarbruk.no\/en\/var-rategaranti-for-decking\/","og_site_name":"Marnar Bruk","article_publisher":"https:\/\/www.facebook.com\/marnarbruk","article_modified_time":"2025-04-24T06:20:09+00:00","og_image":[{"url":"https:\/\/marnarbruk.no\/wp-content\/uploads\/2025\/03\/rategaranti-30-aar-150x150.png","type":"","width":"","height":""}],"twitter_card":"summary_large_image","twitter_misc":{"Estimated reading time":"2 minutes"},"schema":{"@context":"https:\/\/schema.org","@graph":[{"@type":"WebPage","@id":"https:\/\/marnarbruk.no\/en\/var-rategaranti-for-terrassebord\/","url":"https:\/\/marnarbruk.no\/en\/var-rategaranti-for-terrassebord\/","name":"Rot guarantee for decking - Marnar Bruk","isPartOf":{"@id":"https:\/\/marnarbruk.no\/en\/#website"},"primaryImageOfPage":{"@id":"https:\/\/marnarbruk.no\/en\/var-rategaranti-for-terrassebord\/#primaryimage"},"image":{"@id":"https:\/\/marnarbruk.no\/en\/var-rategaranti-for-terrassebord\/#primaryimage"},"thumbnailUrl":"https:\/\/marnarbruk.no\/wp-content\/uploads\/2025\/03\/rategaranti-30-aar-150x150.png","datePublished":"2025-03-19T09:35:27+00:00","dateModified":"2025-04-24T06:20:09+00:00","breadcrumb":{"@id":"https:\/\/marnarbruk.no\/en\/var-rategaranti-for-terrassebord\/#breadcrumb"},"inLanguage":"en-GB","potentialAction":[{"@type":"ReadAction","target":["https:\/\/marnarbruk.no\/en\/var-rategaranti-for-terrassebord\/"]}]},{"@type":"ImageObject","inLanguage":"en-GB","@id":"https:\/\/marnarbruk.no\/en\/var-rategaranti-for-terrassebord\/#primaryimage","url":"https:\/\/marnarbruk.no\/wp-content\/uploads\/2025\/03\/rategaranti-30-aar-150x150.png","contentUrl":"https:\/\/marnarbruk.no\/wp-content\/uploads\/2025\/03\/rategaranti-30-aar-150x150.png"},{"@type":"BreadcrumbList","@id":"https:\/\/marnarbruk.no\/en\/var-rategaranti-for-terrassebord\/#breadcrumb","itemListElement":[{"@type":"ListItem","position":1,"name":"Home","item":"https:\/\/marnarbruk.no\/"},{"@type":"ListItem","position":2,"name":"R\u00e5tegaranti for terrassebord"}]},{"@type":"WebSite","@id":"https:\/\/marnarbruk.no\/en\/#website","url":"https:\/\/marnarbruk.no\/en\/","name":"Marnar Bruk","description":"Royal impregnated timber since 1976","publisher":{"@id":"https:\/\/marnarbruk.no\/en\/#organization"},"potentialAction":[{"@type":"SearchAction","target":{"@type":"EntryPoint","urlTemplate":"https:\/\/marnarbruk.no\/en\/?s={search_term_string}"},"query-input":{"@type":"PropertyValueSpecification","valueRequired":true,"valueName":"search_term_string"}}],"inLanguage":"en-GB"},{"@type":"Organization","@id":"https:\/\/marnarbruk.no\/en\/#organization","name":"Marnar Bruk","url":"https:\/\/marnarbruk.no\/en\/","logo":{"@type":"ImageObject","inLanguage":"en-GB","@id":"https:\/\/marnarbruk.no\/en\/#\/schema\/logo\/image\/","url":"https:\/\/marnarbruk.no\/wp-content\/uploads\/2024\/05\/mb-hvit-logo-bg.svg","contentUrl":"https:\/\/marnarbruk.no\/wp-content\/uploads\/2024\/05\/mb-hvit-logo-bg.svg","width":182,"height":143,"caption":"Marnar Bruk"},"image":{"@id":"https:\/\/marnarbruk.no\/en\/#\/schema\/logo\/image\/"},"sameAs":["https:\/\/www.facebook.com\/marnarbruk"]}]}},"_links":{"self":[{"href":"https:\/\/marnarbruk.no\/en\/wp-json\/wp\/v2\/pages\/5401","targetHints":{"allow":["GET"]}}],"collection":[{"href":"https:\/\/marnarbruk.no\/en\/wp-json\/wp\/v2\/pages"}],"about":[{"href":"https:\/\/marnarbruk.no\/en\/wp-json\/wp\/v2\/types\/page"}],"author":[{"embeddable":true,"href":"https:\/\/marnarbruk.no\/en\/wp-json\/wp\/v2\/users\/1"}],"replies":[{"embeddable":true,"href":"https:\/\/marnarbruk.no\/en\/wp-json\/wp\/v2\/comments?post=5401"}],"version-history":[{"count":5,"href":"https:\/\/marnarbruk.no\/en\/wp-json\/wp\/v2\/pages\/5401\/revisions"}],"predecessor-version":[{"id":5453,"href":"https:\/\/marnarbruk.no\/en\/wp-json\/wp\/v2\/pages\/5401\/revisions\/5453"}],"wp:attachment":[{"href":"https:\/\/marnarbruk.no\/en\/wp-json\/wp\/v2\/media?parent=5401"}],"curies":[{"name":"wp","href":"https:\/\/api.w.org\/{rel}","templated":true}]}}