{"id":3,"date":"2021-07-01T10:34:20","date_gmt":"2021-07-01T08:34:20","guid":{"rendered":"https:\/\/249071-www.web.tornado-node.net\/?page_id=3"},"modified":"2024-05-15T15:10:13","modified_gmt":"2024-05-15T13:10:13","slug":"privacy","status":"publish","type":"page","link":"https:\/\/marnarbruk.no\/en\/personvern\/","title":{"rendered":"Privacy policy"},"content":{"rendered":"<div data-elementor-type=\"wp-page\" data-elementor-id=\"3\" class=\"elementor elementor-3\" data-elementor-post-type=\"page\">\n\t\t\t\t<div class=\"elementor-element elementor-element-54ce7ec e-flex e-con-boxed e-con e-parent\" data-id=\"54ce7ec\" data-element_type=\"container\" data-e-type=\"container\">\n\t\t\t\t\t<div class=\"e-con-inner\">\n\t\t<div class=\"elementor-element elementor-element-f5c6fb0 e-flex e-con-boxed e-con e-child\" data-id=\"f5c6fb0\" data-element_type=\"container\" data-e-type=\"container\">\n\t\t\t\t\t<div class=\"e-con-inner\">\n\t\t\t\t<div class=\"elementor-element elementor-element-070db74 elementor-icon-list--layout-inline brodsmule elementor-list-item-link-full_width elementor-widget elementor-widget-icon-list\" data-id=\"070db74\" data-element_type=\"widget\" data-e-type=\"widget\" data-widget_type=\"icon-list.default\">\n\t\t\t\t<div class=\"elementor-widget-container\">\n\t\t\t\t\t\t\t<ul class=\"elementor-icon-list-items elementor-inline-items\">\n\t\t\t\t\t\t\t<li class=\"elementor-icon-list-item elementor-inline-item\">\n\t\t\t\t\t\t\t\t\t\t\t<a href=\"https:\/\/marnarbruk.no\/en\">\n\n\t\t\t\t\t\t\t\t\t\t\t\t<span class=\"elementor-icon-list-icon\">\n\t\t\t\t\t\t\t<svg xmlns=\"http:\/\/www.w3.org\/2000\/svg\" width=\"17.809\" height=\"16.555\" viewbox=\"0 0 17.809 16.555\"><g id=\"Group_463\" data-name=\"Group 463\" transform=\"translate(-12173.836 574.074)\"><rect id=\"Rectangle_12\" data-name=\"Rectangle 12\" width=\"12.557\" height=\"1.884\" transform=\"translate(12178.902 -565.195) rotate(-45)\" fill=\"#003a1a\"><\/rect><path id=\"Path_19\" data-name=\"Path 19\" d=\"M286.885,341.792l-1.313-1.313-8.9,8.9,1.313,1.313L283,345.673v8.847l1.37-1.313v-8.9l1.141-1.2v8.9l1.37-1.313Z\" transform=\"translate(11904.76 -912.039)\" fill=\"#003a1a\"><\/path><path id=\"Path_20\" data-name=\"Path 20\" d=\"M233.18,324.827l-3.824,3.824v8.9l1.313,1.313v-8.9l3.881-3.824Z\" transform=\"translate(11944.48 -898.899)\" fill=\"#003a1a\"><\/path><path id=\"Path_21\" data-name=\"Path 21\" d=\"M248.889,340.479l-3.881,3.824v8.9l1.313,1.313v-8.847l3.881-3.881Z\" transform=\"translate(11931.34 -912.04)\" fill=\"#003a1a\"><\/path><\/g><\/svg>\t\t\t\t\t\t<\/span>\n\t\t\t\t\t\t\t\t\t\t<span class=\"elementor-icon-list-text\"><\/span>\n\t\t\t\t\t\t\t\t\t\t\t<\/a>\n\t\t\t\t\t\t\t\t\t<\/li>\n\t\t\t\t\t\t\t\t<li class=\"elementor-icon-list-item elementor-inline-item\">\n\t\t\t\t\t\t\t\t\t\t\t<span class=\"elementor-icon-list-icon\">\n\t\t\t\t\t\t\t<i aria-hidden=\"true\" class=\"fas fa-chevron-right\"><\/i>\t\t\t\t\t\t<\/span>\n\t\t\t\t\t\t\t\t\t\t<span class=\"elementor-icon-list-text\"><\/span>\n\t\t\t\t\t\t\t\t\t<\/li>\n\t\t\t\t\t\t\t\t<li class=\"elementor-icon-list-item elementor-inline-item\">\n\t\t\t\t\t\t\t\t\t\t<span class=\"elementor-icon-list-text\">Privacy policy<\/span>\n\t\t\t\t\t\t\t\t\t<\/li>\n\t\t\t\t\t\t<\/ul>\n\t\t\t\t\t\t<\/div>\n\t\t\t\t<\/div>\n\t\t\t\t\t<\/div>\n\t\t\t\t<\/div>\n\t\t\t\t<div class=\"elementor-element elementor-element-efd0ea3 elementor-widget elementor-widget-heading\" data-id=\"efd0ea3\" data-element_type=\"widget\" data-e-type=\"widget\" data-widget_type=\"heading.default\">\n\t\t\t\t<div class=\"elementor-widget-container\">\n\t\t\t\t\t<h1 class=\"elementor-heading-title elementor-size-default\">Privacy policy for Marnar Bruk<\/h1>\t\t\t\t<\/div>\n\t\t\t\t<\/div>\n\t\t\t\t<div class=\"elementor-element elementor-element-21c2019 ingress elementor-widget__width-initial elementor-widget elementor-widget-text-editor\" data-id=\"21c2019\" data-element_type=\"widget\" data-e-type=\"widget\" data-widget_type=\"text-editor.default\">\n\t\t\t\t<div class=\"elementor-widget-container\">\n\t\t\t\t\t\t\t\t\tMarnar Bruk is committed to safeguarding your privacy in a secure manner. In this privacy policy, we explain what personal data we process, why and how.\t\t\t\t\t\t\t\t<\/div>\n\t\t\t\t<\/div>\n\t\t\t\t\t<\/div>\n\t\t\t\t<\/div>\n\t\t<div class=\"elementor-element elementor-element-b7eac38 e-flex e-con-boxed e-con e-parent\" data-id=\"b7eac38\" data-element_type=\"container\" data-e-type=\"container\">\n\t\t\t\t\t<div class=\"e-con-inner\">\n\t\t\t\t<div class=\"elementor-element elementor-element-019aeab artikkelinnhold elementor-widget__width-initial elementor-widget elementor-widget-text-editor\" data-id=\"019aeab\" data-element_type=\"widget\" data-e-type=\"widget\" data-widget_type=\"text-editor.default\">\n\t\t\t\t<div class=\"elementor-widget-container\">\n\t\t\t\t\t\t\t\t\t<p>Personal data is information and assessments that can be directly or indirectly linked to individuals. You should always be assured that we process your data within the framework of applicable law and this privacy policy, and it is important to us that you always know how we process your data.<\/p><p>When we use the term \"processing\" of personal data, it means any use of personal data, such as collecting, recording, collating, storing and disclosing, or any combination of such uses. All processing of personal data requires that there is a lawful basis for the processing, for example that a contract has been entered into that makes it necessary to process certain personal data, that we can process the personal data in accordance with law, or that we have a legitimate interest in carrying out the processing. If there is no legal basis, we will always ask for your consent before we process your personal data.<\/p><p>\u00a0<\/p><h3><strong>What information does Marnar Bruk receive and process?<\/strong><\/h3><p>The personal data we hold about you is only the personal data you have chosen to give us. This may be in connection with a visit to our website, or via our complaint form. Examples of information that is collected may be: Name, address\/company address\/invoice address, telephone number, e-mail address, message\/reason for enquiry, as well as information about your use of the website and your device using so-called cookies.<\/p><p>We do not collect personal data such as date of birth and social security numbers, or information about personal payment cards. We never sell your information to others.<\/p><p>Collection or registration of information is done via:<\/p><ul><li>Cookies (see separate section)<\/li><li>Complaint form<\/li><li>When downloading documents, product information, etc.<\/li><\/ul><p>\u00a0<\/p><h3><strong>What are cookies?<\/strong><\/h3><p>Cookies are small text files that are sent from the website you visit to the device you are on. These text files are stored in your browser and contain a unique identifier that is used to identify the device - as far as your browser settings allow.<\/p><p>We use cookies to increase the functionality of our website and to ensure that visitor statistics are reliable. The information collected is also shared with our advertising and analytics partners, who use this information for statistical and analytical purposes. We use Google Analytics to collect information regarding traffic to our website.<\/p><p>\u00a0<\/p><h3><strong>Why do we need your information?<\/strong><\/h3><p>We collect your personal data in order to maintain and manage our business relationship with you. By this we mean data needed to fulfil the obligations we have undertaken in our role as a supplier or subcontractor, as a customer, business partner or as an employer.<\/p><p>\u00a0<\/p><h3><strong>Your rights<\/strong><\/h3><p>According to the Personal Data Act, you are entitled to access the information we have registered about you. If the registered information is incorrect or incomplete, you can demand that the information be updated.<\/p><p>You have the right to receive your personal data in a structured, commonly used and machine-readable format. Please contact us at the email address below to obtain your personal data.<\/p><p>You have the right to have your personal data deleted without explanation. You can therefore ask us to delete information about yourself at any time, but please note that information that we are required to retain for other legal obligations (such as the Bookkeeping Act) will not be deleted. The information we receive about you via our complaint form is automatically deleted after 6 months.<\/p><p>We hope you will let us know if you think we are not complying with the rules in the Personal Data Act. Please feel free to let us know first through the contact or channel you have already established with us. You can also complain about our processing of personal data directly to the Norwegian Data Protection Authority.<\/p><p>\u00a0<\/p><h3>Contact us<\/h3><p>Marnar Bruk AS<br \/>Heddeland industrial area 36,<br \/>4534 Marnardal<\/p><p>Phone: <a href=\"tel:+4738278990\">38 27 89 90<\/a><br \/>Email: <a href=\"mailto:marnarbruk@marnarbruk.no\">marnarbruk@marnarbruk.no<\/a><\/p>\t\t\t\t\t\t\t\t<\/div>\n\t\t\t\t<\/div>\n\t\t\t\t\t<\/div>\n\t\t\t\t<\/div>\n\t\t\t\t<\/div>","protected":false},"excerpt":{"rendered":"<p>Marnar Bruk is committed to safeguarding your privacy in a secure manner. In this privacy policy, we explain what personal data we process, why and how.<\/p>","protected":false},"author":1,"featured_media":0,"parent":0,"menu_order":0,"comment_status":"closed","ping_status":"closed","template":"","meta":{"_acf_changed":false,"footnotes":""},"class_list":["post-3","page","type-page","status-publish","hentry"],"acf":[],"yoast_head":"<!-- This site is optimized with the Yoast SEO plugin v27.4 - https:\/\/yoast.com\/product\/yoast-seo-wordpress\/ -->\n<title>Personvernerkl\u00e6ring - Marnar Bruk<\/title>\n<meta name=\"robots\" content=\"index, follow, max-snippet:-1, max-image-preview:large, max-video-preview:-1\" \/>\n<link rel=\"canonical\" href=\"https:\/\/marnarbruk.no\/en\/privacy\/\" \/>\n<meta property=\"og:locale\" content=\"en_GB\" \/>\n<meta property=\"og:type\" content=\"article\" \/>\n<meta property=\"og:title\" content=\"Personvernerkl\u00e6ring - Marnar Bruk\" \/>\n<meta property=\"og:description\" content=\"Marnar Bruk er opptatt av \u00e5 ivareta ditt personvern p\u00e5 en sikker m\u00e5te. I denne personvernerkl\u00e6ringen forklarer vi hvilke personopplysninger vi behandler, hvorfor og hvordan.\" \/>\n<meta property=\"og:url\" content=\"https:\/\/marnarbruk.no\/en\/privacy\/\" \/>\n<meta property=\"og:site_name\" content=\"Marnar Bruk\" \/>\n<meta property=\"article:publisher\" content=\"https:\/\/www.facebook.com\/marnarbruk\" \/>\n<meta property=\"article:modified_time\" content=\"2024-05-15T13:10:13+00:00\" \/>\n<meta property=\"og:image\" content=\"https:\/\/marnarbruk.no\/wp-content\/uploads\/2021\/07\/marnarbruk-fabrikk-naerbilde.jpg\" \/>\n\t<meta property=\"og:image:width\" content=\"1920\" \/>\n\t<meta property=\"og:image:height\" content=\"1280\" \/>\n\t<meta property=\"og:image:type\" content=\"image\/jpeg\" \/>\n<meta name=\"twitter:card\" content=\"summary_large_image\" \/>\n<meta name=\"twitter:label1\" content=\"Estimated reading time\" \/>\n\t<meta name=\"twitter:data1\" content=\"4 minutes\" \/>\n<script type=\"application\/ld+json\" class=\"yoast-schema-graph\">{\"@context\":\"https:\\\/\\\/schema.org\",\"@graph\":[{\"@type\":\"WebPage\",\"@id\":\"https:\\\/\\\/marnarbruk.no\\\/en\\\/personvern\\\/\",\"url\":\"https:\\\/\\\/marnarbruk.no\\\/en\\\/personvern\\\/\",\"name\":\"Personvernerkl\u00e6ring - Marnar Bruk\",\"isPartOf\":{\"@id\":\"https:\\\/\\\/marnarbruk.no\\\/en\\\/#website\"},\"datePublished\":\"2021-07-01T08:34:20+00:00\",\"dateModified\":\"2024-05-15T13:10:13+00:00\",\"breadcrumb\":{\"@id\":\"https:\\\/\\\/marnarbruk.no\\\/en\\\/personvern\\\/#breadcrumb\"},\"inLanguage\":\"en-GB\",\"potentialAction\":[{\"@type\":\"ReadAction\",\"target\":[\"https:\\\/\\\/marnarbruk.no\\\/en\\\/personvern\\\/\"]}]},{\"@type\":\"BreadcrumbList\",\"@id\":\"https:\\\/\\\/marnarbruk.no\\\/en\\\/personvern\\\/#breadcrumb\",\"itemListElement\":[{\"@type\":\"ListItem\",\"position\":1,\"name\":\"Home\",\"item\":\"https:\\\/\\\/marnarbruk.no\\\/\"},{\"@type\":\"ListItem\",\"position\":2,\"name\":\"Personvernerkl\u00e6ring\"}]},{\"@type\":\"WebSite\",\"@id\":\"https:\\\/\\\/marnarbruk.no\\\/en\\\/#website\",\"url\":\"https:\\\/\\\/marnarbruk.no\\\/en\\\/\",\"name\":\"Marnar Bruk\",\"description\":\"Royalimpregnert trelast siden 1976\",\"publisher\":{\"@id\":\"https:\\\/\\\/marnarbruk.no\\\/en\\\/#organization\"},\"potentialAction\":[{\"@type\":\"SearchAction\",\"target\":{\"@type\":\"EntryPoint\",\"urlTemplate\":\"https:\\\/\\\/marnarbruk.no\\\/en\\\/?s={search_term_string}\"},\"query-input\":{\"@type\":\"PropertyValueSpecification\",\"valueRequired\":true,\"valueName\":\"search_term_string\"}}],\"inLanguage\":\"en-GB\"},{\"@type\":\"Organization\",\"@id\":\"https:\\\/\\\/marnarbruk.no\\\/en\\\/#organization\",\"name\":\"Marnar Bruk\",\"url\":\"https:\\\/\\\/marnarbruk.no\\\/en\\\/\",\"logo\":{\"@type\":\"ImageObject\",\"inLanguage\":\"en-GB\",\"@id\":\"https:\\\/\\\/marnarbruk.no\\\/en\\\/#\\\/schema\\\/logo\\\/image\\\/\",\"url\":\"https:\\\/\\\/marnarbruk.no\\\/wp-content\\\/uploads\\\/2024\\\/05\\\/mb-hvit-logo-bg.svg\",\"contentUrl\":\"https:\\\/\\\/marnarbruk.no\\\/wp-content\\\/uploads\\\/2024\\\/05\\\/mb-hvit-logo-bg.svg\",\"width\":182,\"height\":143,\"caption\":\"Marnar Bruk\"},\"image\":{\"@id\":\"https:\\\/\\\/marnarbruk.no\\\/en\\\/#\\\/schema\\\/logo\\\/image\\\/\"},\"sameAs\":[\"https:\\\/\\\/www.facebook.com\\\/marnarbruk\"]}]}<\/script>\n<!-- \/ Yoast SEO plugin. -->","yoast_head_json":{"title":"Privacy policy - Marnar Bruk","robots":{"index":"index","follow":"follow","max-snippet":"max-snippet:-1","max-image-preview":"max-image-preview:large","max-video-preview":"max-video-preview:-1"},"canonical":"https:\/\/marnarbruk.no\/en\/privacy\/","og_locale":"en_GB","og_type":"article","og_title":"Personvernerkl\u00e6ring - Marnar Bruk","og_description":"Marnar Bruk er opptatt av \u00e5 ivareta ditt personvern p\u00e5 en sikker m\u00e5te. I denne personvernerkl\u00e6ringen forklarer vi hvilke personopplysninger vi behandler, hvorfor og hvordan.","og_url":"https:\/\/marnarbruk.no\/en\/privacy\/","og_site_name":"Marnar Bruk","article_publisher":"https:\/\/www.facebook.com\/marnarbruk","article_modified_time":"2024-05-15T13:10:13+00:00","og_image":[{"width":1920,"height":1280,"url":"https:\/\/marnarbruk.no\/wp-content\/uploads\/2021\/07\/marnarbruk-fabrikk-naerbilde.jpg","type":"image\/jpeg"}],"twitter_card":"summary_large_image","twitter_misc":{"Estimated reading time":"4 minutes"},"schema":{"@context":"https:\/\/schema.org","@graph":[{"@type":"WebPage","@id":"https:\/\/marnarbruk.no\/en\/personvern\/","url":"https:\/\/marnarbruk.no\/en\/personvern\/","name":"Privacy policy - Marnar Bruk","isPartOf":{"@id":"https:\/\/marnarbruk.no\/en\/#website"},"datePublished":"2021-07-01T08:34:20+00:00","dateModified":"2024-05-15T13:10:13+00:00","breadcrumb":{"@id":"https:\/\/marnarbruk.no\/en\/personvern\/#breadcrumb"},"inLanguage":"en-GB","potentialAction":[{"@type":"ReadAction","target":["https:\/\/marnarbruk.no\/en\/personvern\/"]}]},{"@type":"BreadcrumbList","@id":"https:\/\/marnarbruk.no\/en\/personvern\/#breadcrumb","itemListElement":[{"@type":"ListItem","position":1,"name":"Home","item":"https:\/\/marnarbruk.no\/"},{"@type":"ListItem","position":2,"name":"Personvernerkl\u00e6ring"}]},{"@type":"WebSite","@id":"https:\/\/marnarbruk.no\/en\/#website","url":"https:\/\/marnarbruk.no\/en\/","name":"Marnar Bruk","description":"Royal impregnated timber since 1976","publisher":{"@id":"https:\/\/marnarbruk.no\/en\/#organization"},"potentialAction":[{"@type":"SearchAction","target":{"@type":"EntryPoint","urlTemplate":"https:\/\/marnarbruk.no\/en\/?s={search_term_string}"},"query-input":{"@type":"PropertyValueSpecification","valueRequired":true,"valueName":"search_term_string"}}],"inLanguage":"en-GB"},{"@type":"Organization","@id":"https:\/\/marnarbruk.no\/en\/#organization","name":"Marnar Bruk","url":"https:\/\/marnarbruk.no\/en\/","logo":{"@type":"ImageObject","inLanguage":"en-GB","@id":"https:\/\/marnarbruk.no\/en\/#\/schema\/logo\/image\/","url":"https:\/\/marnarbruk.no\/wp-content\/uploads\/2024\/05\/mb-hvit-logo-bg.svg","contentUrl":"https:\/\/marnarbruk.no\/wp-content\/uploads\/2024\/05\/mb-hvit-logo-bg.svg","width":182,"height":143,"caption":"Marnar Bruk"},"image":{"@id":"https:\/\/marnarbruk.no\/en\/#\/schema\/logo\/image\/"},"sameAs":["https:\/\/www.facebook.com\/marnarbruk"]}]}},"_links":{"self":[{"href":"https:\/\/marnarbruk.no\/en\/wp-json\/wp\/v2\/pages\/3","targetHints":{"allow":["GET"]}}],"collection":[{"href":"https:\/\/marnarbruk.no\/en\/wp-json\/wp\/v2\/pages"}],"about":[{"href":"https:\/\/marnarbruk.no\/en\/wp-json\/wp\/v2\/types\/page"}],"author":[{"embeddable":true,"href":"https:\/\/marnarbruk.no\/en\/wp-json\/wp\/v2\/users\/1"}],"replies":[{"embeddable":true,"href":"https:\/\/marnarbruk.no\/en\/wp-json\/wp\/v2\/comments?post=3"}],"version-history":[{"count":5,"href":"https:\/\/marnarbruk.no\/en\/wp-json\/wp\/v2\/pages\/3\/revisions"}],"predecessor-version":[{"id":4619,"href":"https:\/\/marnarbruk.no\/en\/wp-json\/wp\/v2\/pages\/3\/revisions\/4619"}],"wp:attachment":[{"href":"https:\/\/marnarbruk.no\/en\/wp-json\/wp\/v2\/media?parent=3"}],"curies":[{"name":"wp","href":"https:\/\/api.w.org\/{rel}","templated":true}]}}