{"id":1177,"date":"2021-10-13T09:28:42","date_gmt":"2021-10-13T07:28:42","guid":{"rendered":"https:\/\/249071-www.web.tornado-node.net\/?page_id=1177"},"modified":"2025-11-27T12:26:27","modified_gmt":"2025-11-27T11:26:27","slug":"leaflet","status":"publish","type":"page","link":"https:\/\/marnarbruk.no\/en\/brosjyre\/","title":{"rendered":"Brochure"},"content":{"rendered":"<div data-elementor-type=\"wp-page\" data-elementor-id=\"1177\" class=\"elementor elementor-1177\" data-elementor-post-type=\"page\">\n\t\t\t\t<div class=\"elementor-element elementor-element-0ba7a37 e-flex e-con-boxed e-con e-parent\" data-id=\"0ba7a37\" data-element_type=\"container\" data-e-type=\"container\">\n\t\t\t\t\t<div class=\"e-con-inner\">\n\t\t<div class=\"elementor-element elementor-element-5baba66 e-flex e-con-boxed e-con e-child\" data-id=\"5baba66\" data-element_type=\"container\" data-e-type=\"container\">\n\t\t\t\t\t<div class=\"e-con-inner\">\n\t\t\t\t<div class=\"elementor-element elementor-element-82a905a elementor-icon-list--layout-inline brodsmule elementor-list-item-link-full_width elementor-widget elementor-widget-icon-list\" data-id=\"82a905a\" data-element_type=\"widget\" data-e-type=\"widget\" data-widget_type=\"icon-list.default\">\n\t\t\t\t<div class=\"elementor-widget-container\">\n\t\t\t\t\t\t\t<ul class=\"elementor-icon-list-items elementor-inline-items\">\n\t\t\t\t\t\t\t<li class=\"elementor-icon-list-item elementor-inline-item\">\n\t\t\t\t\t\t\t\t\t\t\t<a href=\"https:\/\/marnarbruk.no\/en\">\n\n\t\t\t\t\t\t\t\t\t\t\t\t<span class=\"elementor-icon-list-icon\">\n\t\t\t\t\t\t\t<svg xmlns=\"http:\/\/www.w3.org\/2000\/svg\" width=\"17.809\" height=\"16.555\" viewbox=\"0 0 17.809 16.555\"><g id=\"Group_463\" data-name=\"Group 463\" transform=\"translate(-12173.836 574.074)\"><rect id=\"Rectangle_12\" data-name=\"Rectangle 12\" width=\"12.557\" height=\"1.884\" transform=\"translate(12178.902 -565.195) rotate(-45)\" fill=\"#003a1a\"><\/rect><path id=\"Path_19\" data-name=\"Path 19\" d=\"M286.885,341.792l-1.313-1.313-8.9,8.9,1.313,1.313L283,345.673v8.847l1.37-1.313v-8.9l1.141-1.2v8.9l1.37-1.313Z\" transform=\"translate(11904.76 -912.039)\" fill=\"#003a1a\"><\/path><path id=\"Path_20\" data-name=\"Path 20\" d=\"M233.18,324.827l-3.824,3.824v8.9l1.313,1.313v-8.9l3.881-3.824Z\" transform=\"translate(11944.48 -898.899)\" fill=\"#003a1a\"><\/path><path id=\"Path_21\" data-name=\"Path 21\" d=\"M248.889,340.479l-3.881,3.824v8.9l1.313,1.313v-8.847l3.881-3.881Z\" transform=\"translate(11931.34 -912.04)\" fill=\"#003a1a\"><\/path><\/g><\/svg>\t\t\t\t\t\t<\/span>\n\t\t\t\t\t\t\t\t\t\t<span class=\"elementor-icon-list-text\"><\/span>\n\t\t\t\t\t\t\t\t\t\t\t<\/a>\n\t\t\t\t\t\t\t\t\t<\/li>\n\t\t\t\t\t\t\t\t<li class=\"elementor-icon-list-item elementor-inline-item\">\n\t\t\t\t\t\t\t\t\t\t\t<span class=\"elementor-icon-list-icon\">\n\t\t\t\t\t\t\t<i aria-hidden=\"true\" class=\"fas fa-chevron-right\"><\/i>\t\t\t\t\t\t<\/span>\n\t\t\t\t\t\t\t\t\t\t<span class=\"elementor-icon-list-text\"><\/span>\n\t\t\t\t\t\t\t\t\t<\/li>\n\t\t\t\t\t\t\t\t<li class=\"elementor-icon-list-item elementor-inline-item\">\n\t\t\t\t\t\t\t\t\t\t<span class=\"elementor-icon-list-text\">Brochure<\/span>\n\t\t\t\t\t\t\t\t\t<\/li>\n\t\t\t\t\t\t<\/ul>\n\t\t\t\t\t\t<\/div>\n\t\t\t\t<\/div>\n\t\t\t\t\t<\/div>\n\t\t\t\t<\/div>\n\t\t\t\t<div class=\"elementor-element elementor-element-20f1a3f elementor-widget elementor-widget-heading\" data-id=\"20f1a3f\" data-element_type=\"widget\" data-e-type=\"widget\" data-widget_type=\"heading.default\">\n\t\t\t\t<div class=\"elementor-widget-container\">\n\t\t\t\t\t<h1 class=\"elementor-heading-title elementor-size-default\">Browse our brochure<\/h1>\t\t\t\t<\/div>\n\t\t\t\t<\/div>\n\t\t\t\t<div class=\"elementor-element elementor-element-65c81b8 ingress elementor-widget__width-initial elementor-widget elementor-widget-text-editor\" data-id=\"65c81b8\" data-element_type=\"widget\" data-e-type=\"widget\" data-widget_type=\"text-editor.default\">\n\t\t\t\t<div class=\"elementor-widget-container\">\n\t\t\t\t\t\t\t\t\tMarnar Bruk Royal is Norwegian-produced wood from Nordic pine. Marnar Bruk Royal is sustainable, has a very long lifespan and is designed to withstand the Nordic climate.\t\t\t\t\t\t\t\t<\/div>\n\t\t\t\t<\/div>\n\t\t\t\t\t<\/div>\n\t\t\t\t<\/div>\n\t\t<div class=\"elementor-element elementor-element-762e8ac e-flex e-con-boxed e-con e-parent\" data-id=\"762e8ac\" data-element_type=\"container\" data-e-type=\"container\" data-settings=\"{&quot;background_background&quot;:&quot;classic&quot;}\">\n\t\t\t\t\t<div class=\"e-con-inner\">\n\t\t\t\t<div class=\"elementor-element elementor-element-96e6435 elementor-widget elementor-widget-html\" data-id=\"96e6435\" data-element_type=\"widget\" data-e-type=\"widget\" data-widget_type=\"html.default\">\n\t\t\t\t<div class=\"elementor-widget-container\">\n\t\t\t\t\t<div style=\"position:relative;padding-top:max(60%,326px);height:0;width:100%\"><iframe allow=\"clipboard-write\" sandbox=\"allow-top-navigation allow-top-navigation-by-user-activation allow-downloads allow-scripts allow-same-origin allow-popups allow-modals allow-popups-to-escape-sandbox allow-forms\" allowfullscreen=\"true\" style=\"position:absolute;border:none;width:100%;height:100%;left:0;right:0;top:0;bottom:0;\" src=\"https:\/\/e.issuu.com\/embed.html?d=marnar_bruk_katalog_2021&hideIssuuLogo=true&hideShareButton=true&u=osigraf\"><\/iframe><\/div>\t\t\t\t<\/div>\n\t\t\t\t<\/div>\n\t\t<a class=\"elementor-element elementor-element-67ed72f e-grid e-con-full btn-dl e-con e-child\" data-id=\"67ed72f\" data-element_type=\"container\" data-e-type=\"container\" href=\"https:\/\/marnarbruk.no\/wp-content\/uploads\/2025\/06\/web-Marnar-Bruk-brosjyre-alle-sider.pdf\" target=\"_blank\" title=\"Download brochure as PDF\" aria-label=\"Download brochure as PDF\">\n\t\t\t\t<div class=\"elementor-element elementor-element-550e4f4 elementor-widget elementor-widget-image\" data-id=\"550e4f4\" data-element_type=\"widget\" data-e-type=\"widget\" data-widget_type=\"image.default\">\n\t\t\t\t<div class=\"elementor-widget-container\">\n\t\t\t\t\t\t\t\t\t\t\t\t\t\t\t<img decoding=\"async\" width=\"41\" height=\"48\" src=\"https:\/\/marnarbruk.no\/wp-content\/uploads\/2021\/10\/ikon-pdf-dokument.svg\" class=\"attachment-large size-large wp-image-786\" alt=\"\" \/>\t\t\t\t\t\t\t\t\t\t\t\t\t\t\t<\/div>\n\t\t\t\t<\/div>\n\t\t\t\t<div class=\"elementor-element elementor-element-1bad685 elementor-widget elementor-widget-text-editor\" data-id=\"1bad685\" data-element_type=\"widget\" data-e-type=\"widget\" data-widget_type=\"text-editor.default\">\n\t\t\t\t<div class=\"elementor-widget-container\">\n\t\t\t\t\t\t\t\t\t<p>Download the brochure as PDF<\/p>\t\t\t\t\t\t\t\t<\/div>\n\t\t\t\t<\/div>\n\t\t\t\t<div class=\"elementor-element elementor-element-10e06ab elementor-widget elementor-widget-image\" data-id=\"10e06ab\" data-element_type=\"widget\" data-e-type=\"widget\" data-widget_type=\"image.default\">\n\t\t\t\t<div class=\"elementor-widget-container\">\n\t\t\t\t\t\t\t\t\t\t\t\t\t\t\t<img decoding=\"async\" width=\"47\" height=\"46\" src=\"https:\/\/marnarbruk.no\/wp-content\/uploads\/2024\/05\/mb-download-btn.svg\" class=\"attachment-large size-large wp-image-3020\" alt=\"\" \/>\t\t\t\t\t\t\t\t\t\t\t\t\t\t\t<\/div>\n\t\t\t\t<\/div>\n\t\t\t\t<\/a>\n\t\t\t\t\t<\/div>\n\t\t\t\t<\/div>\n\t\t\t\t<\/div>","protected":false},"excerpt":{"rendered":"<p>Marnar Bruk Royal is Norwegian-produced wood from Nordic pine. Marnar Bruk Royal is sustainable, has a very long lifespan and is designed to withstand the Nordic climate.<\/p>","protected":false},"author":1,"featured_media":193,"parent":0,"menu_order":0,"comment_status":"closed","ping_status":"closed","template":"elementor_header_footer","meta":{"_acf_changed":false,"footnotes":""},"class_list":["post-1177","page","type-page","status-publish","has-post-thumbnail","hentry"],"acf":[],"yoast_head":"<!-- This site is optimized with the Yoast SEO plugin v27.3 - https:\/\/yoast.com\/product\/yoast-seo-wordpress\/ -->\n<title>Brosjyre - Marnar Bruk<\/title>\n<meta name=\"robots\" content=\"index, follow, max-snippet:-1, max-image-preview:large, max-video-preview:-1\" \/>\n<link rel=\"canonical\" href=\"https:\/\/marnarbruk.no\/en\/leaflet\/\" \/>\n<meta property=\"og:locale\" content=\"en_GB\" \/>\n<meta property=\"og:type\" content=\"article\" \/>\n<meta property=\"og:title\" content=\"Brosjyre - Marnar Bruk\" \/>\n<meta property=\"og:description\" content=\"Marnar Bruk Royal er norskprodusert trevirke av nordisk furu. Marnar Bruk Royal er b\u00e6rekraftig, har sv\u00e6rt lang levetid, og er skapt for \u00e5 t\u00e5le nordisk klima.\" \/>\n<meta property=\"og:url\" content=\"https:\/\/marnarbruk.no\/en\/leaflet\/\" \/>\n<meta property=\"og:site_name\" content=\"Marnar Bruk\" \/>\n<meta property=\"article:publisher\" content=\"https:\/\/www.facebook.com\/marnarbruk\" \/>\n<meta property=\"article:modified_time\" content=\"2025-11-27T11:26:27+00:00\" \/>\n<meta property=\"og:image\" content=\"https:\/\/marnarbruk.no\/wp-content\/uploads\/2021\/07\/Marnar-bruk-royal.jpg\" \/>\n\t<meta property=\"og:image:width\" content=\"1921\" \/>\n\t<meta property=\"og:image:height\" content=\"1280\" \/>\n\t<meta property=\"og:image:type\" content=\"image\/jpeg\" \/>\n<meta name=\"twitter:card\" content=\"summary_large_image\" \/>\n<meta name=\"twitter:label1\" content=\"Estimated reading time\" \/>\n\t<meta name=\"twitter:data1\" content=\"1 minute\" \/>\n<script type=\"application\/ld+json\" class=\"yoast-schema-graph\">{\"@context\":\"https:\\\/\\\/schema.org\",\"@graph\":[{\"@type\":\"WebPage\",\"@id\":\"https:\\\/\\\/marnarbruk.no\\\/en\\\/brosjyre\\\/\",\"url\":\"https:\\\/\\\/marnarbruk.no\\\/en\\\/brosjyre\\\/\",\"name\":\"Brosjyre - Marnar Bruk\",\"isPartOf\":{\"@id\":\"https:\\\/\\\/marnarbruk.no\\\/en\\\/#website\"},\"primaryImageOfPage\":{\"@id\":\"https:\\\/\\\/marnarbruk.no\\\/en\\\/brosjyre\\\/#primaryimage\"},\"image\":{\"@id\":\"https:\\\/\\\/marnarbruk.no\\\/en\\\/brosjyre\\\/#primaryimage\"},\"thumbnailUrl\":\"https:\\\/\\\/marnarbruk.no\\\/wp-content\\\/uploads\\\/2021\\\/07\\\/Marnar-bruk-royal.jpg\",\"datePublished\":\"2021-10-13T07:28:42+00:00\",\"dateModified\":\"2025-11-27T11:26:27+00:00\",\"breadcrumb\":{\"@id\":\"https:\\\/\\\/marnarbruk.no\\\/en\\\/brosjyre\\\/#breadcrumb\"},\"inLanguage\":\"en-GB\",\"potentialAction\":[{\"@type\":\"ReadAction\",\"target\":[\"https:\\\/\\\/marnarbruk.no\\\/en\\\/brosjyre\\\/\"]}]},{\"@type\":\"ImageObject\",\"inLanguage\":\"en-GB\",\"@id\":\"https:\\\/\\\/marnarbruk.no\\\/en\\\/brosjyre\\\/#primaryimage\",\"url\":\"https:\\\/\\\/marnarbruk.no\\\/wp-content\\\/uploads\\\/2021\\\/07\\\/Marnar-bruk-royal.jpg\",\"contentUrl\":\"https:\\\/\\\/marnarbruk.no\\\/wp-content\\\/uploads\\\/2021\\\/07\\\/Marnar-bruk-royal.jpg\",\"width\":1921,\"height\":1280},{\"@type\":\"BreadcrumbList\",\"@id\":\"https:\\\/\\\/marnarbruk.no\\\/en\\\/brosjyre\\\/#breadcrumb\",\"itemListElement\":[{\"@type\":\"ListItem\",\"position\":1,\"name\":\"Home\",\"item\":\"https:\\\/\\\/marnarbruk.no\\\/\"},{\"@type\":\"ListItem\",\"position\":2,\"name\":\"Brosjyre\"}]},{\"@type\":\"WebSite\",\"@id\":\"https:\\\/\\\/marnarbruk.no\\\/en\\\/#website\",\"url\":\"https:\\\/\\\/marnarbruk.no\\\/en\\\/\",\"name\":\"Marnar Bruk\",\"description\":\"Royalimpregnert trelast siden 1976\",\"publisher\":{\"@id\":\"https:\\\/\\\/marnarbruk.no\\\/en\\\/#organization\"},\"potentialAction\":[{\"@type\":\"SearchAction\",\"target\":{\"@type\":\"EntryPoint\",\"urlTemplate\":\"https:\\\/\\\/marnarbruk.no\\\/en\\\/?s={search_term_string}\"},\"query-input\":{\"@type\":\"PropertyValueSpecification\",\"valueRequired\":true,\"valueName\":\"search_term_string\"}}],\"inLanguage\":\"en-GB\"},{\"@type\":\"Organization\",\"@id\":\"https:\\\/\\\/marnarbruk.no\\\/en\\\/#organization\",\"name\":\"Marnar Bruk\",\"url\":\"https:\\\/\\\/marnarbruk.no\\\/en\\\/\",\"logo\":{\"@type\":\"ImageObject\",\"inLanguage\":\"en-GB\",\"@id\":\"https:\\\/\\\/marnarbruk.no\\\/en\\\/#\\\/schema\\\/logo\\\/image\\\/\",\"url\":\"https:\\\/\\\/marnarbruk.no\\\/wp-content\\\/uploads\\\/2024\\\/05\\\/mb-hvit-logo-bg.svg\",\"contentUrl\":\"https:\\\/\\\/marnarbruk.no\\\/wp-content\\\/uploads\\\/2024\\\/05\\\/mb-hvit-logo-bg.svg\",\"width\":182,\"height\":143,\"caption\":\"Marnar Bruk\"},\"image\":{\"@id\":\"https:\\\/\\\/marnarbruk.no\\\/en\\\/#\\\/schema\\\/logo\\\/image\\\/\"},\"sameAs\":[\"https:\\\/\\\/www.facebook.com\\\/marnarbruk\"]}]}<\/script>\n<!-- \/ Yoast SEO plugin. -->","yoast_head_json":{"title":"Brochure - Marnar Bruk","robots":{"index":"index","follow":"follow","max-snippet":"max-snippet:-1","max-image-preview":"max-image-preview:large","max-video-preview":"max-video-preview:-1"},"canonical":"https:\/\/marnarbruk.no\/en\/leaflet\/","og_locale":"en_GB","og_type":"article","og_title":"Brosjyre - Marnar Bruk","og_description":"Marnar Bruk Royal er norskprodusert trevirke av nordisk furu. Marnar Bruk Royal er b\u00e6rekraftig, har sv\u00e6rt lang levetid, og er skapt for \u00e5 t\u00e5le nordisk klima.","og_url":"https:\/\/marnarbruk.no\/en\/leaflet\/","og_site_name":"Marnar Bruk","article_publisher":"https:\/\/www.facebook.com\/marnarbruk","article_modified_time":"2025-11-27T11:26:27+00:00","og_image":[{"width":1921,"height":1280,"url":"https:\/\/marnarbruk.no\/wp-content\/uploads\/2021\/07\/Marnar-bruk-royal.jpg","type":"image\/jpeg"}],"twitter_card":"summary_large_image","twitter_misc":{"Estimated reading time":"1 minute"},"schema":{"@context":"https:\/\/schema.org","@graph":[{"@type":"WebPage","@id":"https:\/\/marnarbruk.no\/en\/brosjyre\/","url":"https:\/\/marnarbruk.no\/en\/brosjyre\/","name":"Brochure - Marnar Bruk","isPartOf":{"@id":"https:\/\/marnarbruk.no\/en\/#website"},"primaryImageOfPage":{"@id":"https:\/\/marnarbruk.no\/en\/brosjyre\/#primaryimage"},"image":{"@id":"https:\/\/marnarbruk.no\/en\/brosjyre\/#primaryimage"},"thumbnailUrl":"https:\/\/marnarbruk.no\/wp-content\/uploads\/2021\/07\/Marnar-bruk-royal.jpg","datePublished":"2021-10-13T07:28:42+00:00","dateModified":"2025-11-27T11:26:27+00:00","breadcrumb":{"@id":"https:\/\/marnarbruk.no\/en\/brosjyre\/#breadcrumb"},"inLanguage":"en-GB","potentialAction":[{"@type":"ReadAction","target":["https:\/\/marnarbruk.no\/en\/brosjyre\/"]}]},{"@type":"ImageObject","inLanguage":"en-GB","@id":"https:\/\/marnarbruk.no\/en\/brosjyre\/#primaryimage","url":"https:\/\/marnarbruk.no\/wp-content\/uploads\/2021\/07\/Marnar-bruk-royal.jpg","contentUrl":"https:\/\/marnarbruk.no\/wp-content\/uploads\/2021\/07\/Marnar-bruk-royal.jpg","width":1921,"height":1280},{"@type":"BreadcrumbList","@id":"https:\/\/marnarbruk.no\/en\/brosjyre\/#breadcrumb","itemListElement":[{"@type":"ListItem","position":1,"name":"Home","item":"https:\/\/marnarbruk.no\/"},{"@type":"ListItem","position":2,"name":"Brosjyre"}]},{"@type":"WebSite","@id":"https:\/\/marnarbruk.no\/en\/#website","url":"https:\/\/marnarbruk.no\/en\/","name":"Marnar Bruk","description":"Royal impregnated timber since 1976","publisher":{"@id":"https:\/\/marnarbruk.no\/en\/#organization"},"potentialAction":[{"@type":"SearchAction","target":{"@type":"EntryPoint","urlTemplate":"https:\/\/marnarbruk.no\/en\/?s={search_term_string}"},"query-input":{"@type":"PropertyValueSpecification","valueRequired":true,"valueName":"search_term_string"}}],"inLanguage":"en-GB"},{"@type":"Organization","@id":"https:\/\/marnarbruk.no\/en\/#organization","name":"Marnar Bruk","url":"https:\/\/marnarbruk.no\/en\/","logo":{"@type":"ImageObject","inLanguage":"en-GB","@id":"https:\/\/marnarbruk.no\/en\/#\/schema\/logo\/image\/","url":"https:\/\/marnarbruk.no\/wp-content\/uploads\/2024\/05\/mb-hvit-logo-bg.svg","contentUrl":"https:\/\/marnarbruk.no\/wp-content\/uploads\/2024\/05\/mb-hvit-logo-bg.svg","width":182,"height":143,"caption":"Marnar Bruk"},"image":{"@id":"https:\/\/marnarbruk.no\/en\/#\/schema\/logo\/image\/"},"sameAs":["https:\/\/www.facebook.com\/marnarbruk"]}]}},"_links":{"self":[{"href":"https:\/\/marnarbruk.no\/en\/wp-json\/wp\/v2\/pages\/1177","targetHints":{"allow":["GET"]}}],"collection":[{"href":"https:\/\/marnarbruk.no\/en\/wp-json\/wp\/v2\/pages"}],"about":[{"href":"https:\/\/marnarbruk.no\/en\/wp-json\/wp\/v2\/types\/page"}],"author":[{"embeddable":true,"href":"https:\/\/marnarbruk.no\/en\/wp-json\/wp\/v2\/users\/1"}],"replies":[{"embeddable":true,"href":"https:\/\/marnarbruk.no\/en\/wp-json\/wp\/v2\/comments?post=1177"}],"version-history":[{"count":8,"href":"https:\/\/marnarbruk.no\/en\/wp-json\/wp\/v2\/pages\/1177\/revisions"}],"predecessor-version":[{"id":5649,"href":"https:\/\/marnarbruk.no\/en\/wp-json\/wp\/v2\/pages\/1177\/revisions\/5649"}],"wp:featuredmedia":[{"embeddable":true,"href":"https:\/\/marnarbruk.no\/en\/wp-json\/wp\/v2\/media\/193"}],"wp:attachment":[{"href":"https:\/\/marnarbruk.no\/en\/wp-json\/wp\/v2\/media?parent=1177"}],"curies":[{"name":"wp","href":"https:\/\/api.w.org\/{rel}","templated":true}]}}